{"id":1259,"date":"2024-10-23T02:53:03","date_gmt":"2024-10-23T06:53:03","guid":{"rendered":"https:\/\/menshealthclinic.com\/fr-ca\/authors\/"},"modified":"2025-02-07T00:33:56","modified_gmt":"2025-02-07T05:33:56","slug":"authors","status":"publish","type":"page","link":"https:\/\/menshealthclinic.com\/fr-ca\/authors\/","title":{"rendered":"Auteurs"},"content":{"rendered":"\t\t<div data-elementor-type=\"wp-page\" data-elementor-id=\"1259\" class=\"elementor elementor-1259\" data-elementor-post-type=\"page\">\n\t\t\t\t<div class=\"elementor-element elementor-element-5678d0d0 e-flex e-con-boxed e-con e-parent\" data-id=\"5678d0d0\" data-element_type=\"container\" data-e-type=\"container\" data-settings=\"{&quot;background_background&quot;:&quot;gradient&quot;}\">\n\t\t\t\t\t<div class=\"e-con-inner\">\n\t\t\t\t<div class=\"elementor-element elementor-element-127c29a6 elementor-widget elementor-widget-spacer\" data-id=\"127c29a6\" data-element_type=\"widget\" data-e-type=\"widget\" data-widget_type=\"spacer.default\">\n\t\t\t\t<div class=\"elementor-widget-container\">\n\t\t\t\t\t\t\t<div class=\"elementor-spacer\">\n\t\t\t<div class=\"elementor-spacer-inner\"><\/div>\n\t\t<\/div>\n\t\t\t\t\t\t<\/div>\n\t\t\t\t<\/div>\n\t\t\t\t\t<\/div>\n\t\t\t\t<\/div>\n\t\t<div class=\"elementor-element elementor-element-6ba65cd8 e-flex e-con-boxed e-con e-parent\" data-id=\"6ba65cd8\" data-element_type=\"container\" data-e-type=\"container\">\n\t\t\t\t\t<div class=\"e-con-inner\">\n\t\t\t\t<div class=\"elementor-element elementor-element-35aa5ffd elementor-grid-1 elementor-grid-tablet-1 elementor-grid-mobile-1 elementor-widget elementor-widget-loop-grid\" data-id=\"35aa5ffd\" data-element_type=\"widget\" data-e-type=\"widget\" data-settings=\"{&quot;row_gap&quot;:{&quot;unit&quot;:&quot;em&quot;,&quot;size&quot;:2,&quot;sizes&quot;:[]},&quot;row_gap_tablet&quot;:{&quot;unit&quot;:&quot;em&quot;,&quot;size&quot;:&quot;&quot;,&quot;sizes&quot;:[]},&quot;row_gap_mobile&quot;:{&quot;unit&quot;:&quot;em&quot;,&quot;size&quot;:&quot;&quot;,&quot;sizes&quot;:[]},&quot;template_id&quot;:1173,&quot;columns&quot;:1,&quot;columns_tablet&quot;:1,&quot;_skin&quot;:&quot;post&quot;,&quot;columns_mobile&quot;:&quot;1&quot;,&quot;edit_handle_selector&quot;:&quot;[data-elementor-type=\\&quot;loop-item\\&quot;]&quot;}\" data-widget_type=\"loop-grid.post\">\n\t\t\t\t<div class=\"elementor-widget-container\">\n\t\t\t\t\t\t\t<div class=\"elementor-loop-container elementor-grid\" role=\"list\">\n\t\t<style id=\"loop-1173\">.elementor-1173 .elementor-element.elementor-element-7cfef07{--display:flex;--flex-direction:row;--container-widget-width:calc( ( 1 - var( --container-widget-flex-grow ) ) * 100% );--container-widget-height:100%;--container-widget-flex-grow:1;--container-widget-align-self:stretch;--flex-wrap-mobile:wrap;--justify-content:space-between;--align-items:center;--border-radius:1em 1em 1em 1em;--padding-top:1em;--padding-bottom:1em;--padding-left:1em;--padding-right:1em;}.elementor-1173 .elementor-element.elementor-element-7cfef07:not(.elementor-motion-effects-element-type-background), .elementor-1173 .elementor-element.elementor-element-7cfef07 > .elementor-motion-effects-container > .elementor-motion-effects-layer{background-color:var( --e-global-color-3d3f8f1 );}.elementor-1173 .elementor-element.elementor-element-428761de{--display:flex;--flex-direction:row;--container-widget-width:calc( ( 1 - var( --container-widget-flex-grow ) ) * 100% );--container-widget-height:100%;--container-widget-flex-grow:1;--container-widget-align-self:stretch;--flex-wrap-mobile:wrap;--justify-content:space-between;--align-items:center;--gap:1em 1em;--row-gap:1em;--column-gap:1em;--padding-top:0em;--padding-bottom:0em;--padding-left:0em;--padding-right:0em;}.elementor-1173 .elementor-element.elementor-element-1635ba25{--display:flex;--padding-top:0px;--padding-bottom:0px;--padding-left:0px;--padding-right:0px;}.elementor-widget-theme-post-title .elementor-heading-title{font-family:var( --e-global-typography-primary-font-family ), Sans-serif;font-weight:var( --e-global-typography-primary-font-weight );color:var( --e-global-color-primary );}.elementor-1173 .elementor-element.elementor-element-616ebfd3 .elementor-heading-title{font-size:var( --e-global-typography-86e7327-font-size );font-weight:var( --e-global-typography-86e7327-font-weight );line-height:var( --e-global-typography-86e7327-line-height );letter-spacing:var( --e-global-typography-86e7327-letter-spacing );word-spacing:var( --e-global-typography-86e7327-word-spacing );color:var( --e-global-color-primary );}.elementor-widget-heading .elementor-heading-title{font-family:var( --e-global-typography-primary-font-family ), Sans-serif;font-weight:var( --e-global-typography-primary-font-weight );color:var( --e-global-color-primary );}.elementor-1173 .elementor-element.elementor-element-67811cae .elementor-heading-title{font-size:var( --e-global-typography-fad3c0e-font-size );font-weight:var( --e-global-typography-fad3c0e-font-weight );line-height:var( --e-global-typography-fad3c0e-line-height );letter-spacing:var( --e-global-typography-fad3c0e-letter-spacing );word-spacing:var( --e-global-typography-fad3c0e-word-spacing );color:var( --e-global-color-text );}.elementor-widget-theme-post-content{color:var( --e-global-color-text );font-family:var( --e-global-typography-text-font-family ), Sans-serif;font-size:var( --e-global-typography-text-font-size );font-weight:var( --e-global-typography-text-font-weight );line-height:var( --e-global-typography-text-line-height );}.elementor-widget-button .elementor-button{font-family:var( --e-global-typography-accent-font-family ), Sans-serif;font-weight:var( --e-global-typography-accent-font-weight );background-color:var( --e-global-color-accent );}.elementor-1173 .elementor-element.elementor-element-677d4ac9 .elementor-button{font-size:var( --e-global-typography-e68bb6e-font-size );font-weight:var( --e-global-typography-e68bb6e-font-weight );line-height:var( --e-global-typography-e68bb6e-line-height );letter-spacing:var( --e-global-typography-e68bb6e-letter-spacing );word-spacing:var( --e-global-typography-e68bb6e-word-spacing );fill:var( --e-global-color-3d3f8f1 );color:var( --e-global-color-3d3f8f1 );background-color:transparent;background-image:linear-gradient(270deg, var( --e-global-color-accent ) 0%, #E02900 100%);border-radius:32px 32px 32px 32px;}.elementor-1173 .elementor-element.elementor-element-677d4ac9 .elementor-button:hover, .elementor-1173 .elementor-element.elementor-element-677d4ac9 .elementor-button:focus{background-color:var( --e-global-color-6b93a64 );}.elementor-widget-theme-post-featured-image .widget-image-caption{color:var( --e-global-color-text );font-family:var( --e-global-typography-text-font-family ), Sans-serif;font-size:var( --e-global-typography-text-font-size );font-weight:var( --e-global-typography-text-font-weight );line-height:var( --e-global-typography-text-line-height );}.elementor-1173 .elementor-element.elementor-element-3fa559a3 img{width:220px;height:220px;object-fit:cover;object-position:center center;border-radius:300px 300px 300px 300px;}@media(max-width:1024px){.elementor-1173 .elementor-element.elementor-element-7cfef07{--align-items:flex-start;--container-widget-width:calc( ( 1 - var( --container-widget-flex-grow ) ) * 100% );}.elementor-1173 .elementor-element.elementor-element-428761de{--flex-direction:column;--container-widget-width:calc( ( 1 - var( --container-widget-flex-grow ) ) * 100% );--container-widget-height:initial;--container-widget-flex-grow:0;--container-widget-align-self:initial;--flex-wrap-mobile:wrap;--align-items:flex-start;}.elementor-1173 .elementor-element.elementor-element-616ebfd3 .elementor-heading-title{font-size:var( --e-global-typography-86e7327-font-size );line-height:var( --e-global-typography-86e7327-line-height );letter-spacing:var( --e-global-typography-86e7327-letter-spacing );word-spacing:var( --e-global-typography-86e7327-word-spacing );}.elementor-1173 .elementor-element.elementor-element-67811cae .elementor-heading-title{font-size:var( --e-global-typography-fad3c0e-font-size );line-height:var( --e-global-typography-fad3c0e-line-height );letter-spacing:var( --e-global-typography-fad3c0e-letter-spacing );word-spacing:var( --e-global-typography-fad3c0e-word-spacing );}.elementor-widget-theme-post-content{font-size:var( --e-global-typography-text-font-size );line-height:var( --e-global-typography-text-line-height );}.elementor-1173 .elementor-element.elementor-element-677d4ac9 .elementor-button{font-size:var( --e-global-typography-e68bb6e-font-size );line-height:var( --e-global-typography-e68bb6e-line-height );letter-spacing:var( --e-global-typography-e68bb6e-letter-spacing );word-spacing:var( --e-global-typography-e68bb6e-word-spacing );}.elementor-widget-theme-post-featured-image .widget-image-caption{font-size:var( --e-global-typography-text-font-size );line-height:var( --e-global-typography-text-line-height );}}@media(max-width:767px){.elementor-1173 .elementor-element.elementor-element-7cfef07{--flex-direction:column-reverse;--container-widget-width:calc( ( 1 - var( --container-widget-flex-grow ) ) * 100% );--container-widget-height:initial;--container-widget-flex-grow:0;--container-widget-align-self:initial;--flex-wrap-mobile:wrap;--justify-content:center;--align-items:center;}.elementor-1173 .elementor-element.elementor-element-428761de{--flex-direction:column;--container-widget-width:calc( ( 1 - var( --container-widget-flex-grow ) ) * 100% );--container-widget-height:initial;--container-widget-flex-grow:0;--container-widget-align-self:initial;--flex-wrap-mobile:wrap;--align-items:center;}.elementor-1173 .elementor-element.elementor-element-616ebfd3{text-align:center;}.elementor-1173 .elementor-element.elementor-element-616ebfd3 .elementor-heading-title{font-size:var( --e-global-typography-86e7327-font-size );line-height:var( --e-global-typography-86e7327-line-height );letter-spacing:var( --e-global-typography-86e7327-letter-spacing );word-spacing:var( --e-global-typography-86e7327-word-spacing );}.elementor-1173 .elementor-element.elementor-element-67811cae{text-align:center;}.elementor-1173 .elementor-element.elementor-element-67811cae .elementor-heading-title{font-size:var( --e-global-typography-fad3c0e-font-size );line-height:var( --e-global-typography-fad3c0e-line-height );letter-spacing:var( --e-global-typography-fad3c0e-letter-spacing );word-spacing:var( --e-global-typography-fad3c0e-word-spacing );}.elementor-widget-theme-post-content{font-size:var( --e-global-typography-text-font-size );line-height:var( --e-global-typography-text-line-height );}.elementor-1173 .elementor-element.elementor-element-37ce47c1{text-align:center;}.elementor-1173 .elementor-element.elementor-element-677d4ac9 .elementor-button{font-size:var( --e-global-typography-e68bb6e-font-size );line-height:var( --e-global-typography-e68bb6e-line-height );letter-spacing:var( --e-global-typography-e68bb6e-letter-spacing );word-spacing:var( --e-global-typography-e68bb6e-word-spacing );}.elementor-widget-theme-post-featured-image .widget-image-caption{font-size:var( --e-global-typography-text-font-size );line-height:var( --e-global-typography-text-line-height );}.elementor-1173 .elementor-element.elementor-element-3fa559a3 img{width:150px;height:150px;}}@media(min-width:768px){.elementor-1173 .elementor-element.elementor-element-428761de{--width:80%;}.elementor-1173 .elementor-element.elementor-element-1635ba25{--width:80%;}}@media(max-width:1024px) and (min-width:768px){.elementor-1173 .elementor-element.elementor-element-428761de{--width:70%;}.elementor-1173 .elementor-element.elementor-element-1635ba25{--width:100%;}}<\/style>\t\t<div data-elementor-type=\"loop-item\" data-elementor-id=\"1173\" class=\"elementor elementor-1173 e-loop-item e-loop-item-1350 post-1350 expert type-expert status-publish has-post-thumbnail hentry expert-category-author expert-category-expert\" data-elementor-post-type=\"elementor_library\" data-custom-edit-handle=\"1\">\n\t\t\t<div class=\"elementor-element elementor-element-7cfef07 e-flex e-con-boxed e-con e-parent\" data-id=\"7cfef07\" data-element_type=\"container\" data-e-type=\"container\" data-settings=\"{&quot;background_background&quot;:&quot;classic&quot;}\">\n\t\t\t\t\t<div class=\"e-con-inner\">\n\t\t<div class=\"elementor-element elementor-element-428761de e-con-full e-flex e-con e-child\" data-id=\"428761de\" data-element_type=\"container\" data-e-type=\"container\">\n\t\t<div class=\"elementor-element elementor-element-1635ba25 e-con-full e-flex e-con e-child\" data-id=\"1635ba25\" data-element_type=\"container\" data-e-type=\"container\">\n\t\t\t\t<div class=\"elementor-element elementor-element-616ebfd3 elementor-widget elementor-widget-theme-post-title elementor-page-title elementor-widget-heading\" data-id=\"616ebfd3\" data-element_type=\"widget\" data-e-type=\"widget\" data-widget_type=\"theme-post-title.default\">\n\t\t\t\t<div class=\"elementor-widget-container\">\n\t\t\t\t\t<h2 class=\"elementor-heading-title elementor-size-default\">Dr. Thomas Stock<\/h2>\t\t\t\t<\/div>\n\t\t\t\t<\/div>\n\t\t\t\t<div class=\"elementor-element elementor-element-67811cae elementor-widget elementor-widget-heading\" data-id=\"67811cae\" data-element_type=\"widget\" data-e-type=\"widget\" data-widget_type=\"heading.default\">\n\t\t\t\t<div class=\"elementor-widget-container\">\n\t\t\t\t\t<h2 class=\"elementor-heading-title elementor-size-default\">MBChB (Hon) MSc.<\/h2>\t\t\t\t<\/div>\n\t\t\t\t<\/div>\n\t\t\t\t<div class=\"elementor-element elementor-element-37ce47c1 elementor-widget elementor-widget-theme-post-content\" data-id=\"37ce47c1\" data-element_type=\"widget\" data-e-type=\"widget\" data-widget_type=\"theme-post-content.default\">\n\t\t\t\t<div class=\"elementor-widget-container\">\n\t\t\t\t\t\n<p>Dr. Stock est un m\u00e9decin g\u00e9n\u00e9raliste qualifi\u00e9 qui reconna\u00eet l&#8217;effet de l&#8217;ED et de la PE sur le psyche des hommes. Il apporte \u00e0 Clinique de Sant\u00e9 Masculine ses connaissances et ses comp\u00e9tences pour offrir un soin centr\u00e9 sur le patient.<\/p>\n\t\t\t\t<\/div>\n\t\t\t\t<\/div>\n\t\t\t\t<\/div>\n\t\t\t\t<div class=\"elementor-element elementor-element-677d4ac9 elementor-align-center elementor-widget elementor-widget-button\" data-id=\"677d4ac9\" data-element_type=\"widget\" data-e-type=\"widget\" data-widget_type=\"button.default\">\n\t\t\t\t<div class=\"elementor-widget-container\">\n\t\t\t\t\t\t\t\t\t<div class=\"elementor-button-wrapper\">\n\t\t\t\t\t<a class=\"elementor-button elementor-button-link elementor-size-sm elementor-animation-grow\" href=\"\/fr-ca\/author\/dr-thomas-stock\/\">\n\t\t\t\t\t\t<span class=\"elementor-button-content-wrapper\">\n\t\t\t\t\t\t\t\t\t<span class=\"elementor-button-text\">View Articles<\/span>\n\t\t\t\t\t<\/span>\n\t\t\t\t\t<\/a>\n\t\t\t\t<\/div>\n\t\t\t\t\t\t\t\t<\/div>\n\t\t\t\t<\/div>\n\t\t\t\t<\/div>\n\t\t\t\t<div class=\"elementor-element elementor-element-3fa559a3 elementor-widget elementor-widget-theme-post-featured-image elementor-widget-image\" data-id=\"3fa559a3\" data-element_type=\"widget\" data-e-type=\"widget\" data-widget_type=\"theme-post-featured-image.default\">\n\t\t\t\t<div class=\"elementor-widget-container\">\n\t\t\t\t\t\t\t\t\t\t\t\t\t\t\t<img fetchpriority=\"high\" decoding=\"async\" width=\"768\" height=\"768\" src=\"https:\/\/menshealthclinic.com\/fr-ca\/wp-content\/uploads\/sites\/8\/2024\/10\/drStock-1-768x768.webp?wsr\" class=\"attachment-medium_large size-medium_large wp-image-1370\" alt=\"\" srcset=\"https:\/\/menshealthclinic.com\/fr-ca\/wp-content\/uploads\/sites\/8\/2024\/10\/drStock-1-768x768.webp 768w, https:\/\/menshealthclinic.com\/fr-ca\/wp-content\/uploads\/sites\/8\/2024\/10\/drStock-1-300x300.webp 300w, https:\/\/menshealthclinic.com\/fr-ca\/wp-content\/uploads\/sites\/8\/2024\/10\/drStock-1-150x150.webp 150w, https:\/\/menshealthclinic.com\/fr-ca\/wp-content\/uploads\/sites\/8\/2024\/10\/drStock-1.webp 1000w\" sizes=\"(max-width: 768px) 100vw, 768px\" \/>\t\t\t\t\t\t\t\t\t\t\t\t\t\t\t<\/div>\n\t\t\t\t<\/div>\n\t\t\t\t\t<\/div>\n\t\t\t\t<\/div>\n\t\t\t\t<\/div>\n\t\t\t\t<div data-elementor-type=\"loop-item\" data-elementor-id=\"1173\" class=\"elementor elementor-1173 e-loop-item e-loop-item-1351 post-1351 expert type-expert status-publish has-post-thumbnail hentry expert-category-author expert-category-expert\" data-elementor-post-type=\"elementor_library\" data-custom-edit-handle=\"1\">\n\t\t\t<div class=\"elementor-element elementor-element-7cfef07 e-flex e-con-boxed e-con e-parent\" data-id=\"7cfef07\" data-element_type=\"container\" data-e-type=\"container\" data-settings=\"{&quot;background_background&quot;:&quot;classic&quot;}\">\n\t\t\t\t\t<div class=\"e-con-inner\">\n\t\t<div class=\"elementor-element elementor-element-428761de e-con-full e-flex e-con e-child\" data-id=\"428761de\" data-element_type=\"container\" data-e-type=\"container\">\n\t\t<div class=\"elementor-element elementor-element-1635ba25 e-con-full e-flex e-con e-child\" data-id=\"1635ba25\" data-element_type=\"container\" data-e-type=\"container\">\n\t\t\t\t<div class=\"elementor-element elementor-element-616ebfd3 elementor-widget elementor-widget-theme-post-title elementor-page-title elementor-widget-heading\" data-id=\"616ebfd3\" data-element_type=\"widget\" data-e-type=\"widget\" data-widget_type=\"theme-post-title.default\">\n\t\t\t\t<div class=\"elementor-widget-container\">\n\t\t\t\t\t<h2 class=\"elementor-heading-title elementor-size-default\">Dr. Suren Naidoo<\/h2>\t\t\t\t<\/div>\n\t\t\t\t<\/div>\n\t\t\t\t<div class=\"elementor-element elementor-element-67811cae elementor-widget elementor-widget-heading\" data-id=\"67811cae\" data-element_type=\"widget\" data-e-type=\"widget\" data-widget_type=\"heading.default\">\n\t\t\t\t<div class=\"elementor-widget-container\">\n\t\t\t\t\t<h2 class=\"elementor-heading-title elementor-size-default\">MRCGP, MBBCh<\/h2>\t\t\t\t<\/div>\n\t\t\t\t<\/div>\n\t\t\t\t<div class=\"elementor-element elementor-element-37ce47c1 elementor-widget elementor-widget-theme-post-content\" data-id=\"37ce47c1\" data-element_type=\"widget\" data-e-type=\"widget\" data-widget_type=\"theme-post-content.default\">\n\t\t\t\t<div class=\"elementor-widget-container\">\n\t\t\t\t\t\n<p>Comme m\u00e9decin g\u00e9n\u00e9raliste priv\u00e9 et praticien en esth\u00e9tique, Dr. Suren pratique la m\u00e9decine avec une approche holistique en \u00e9coutant et d\u00e9diant le meilleur soin possible \u00e0 ses patients.<\/p>\n\t\t\t\t<\/div>\n\t\t\t\t<\/div>\n\t\t\t\t<\/div>\n\t\t\t\t<div class=\"elementor-element elementor-element-677d4ac9 elementor-align-center elementor-widget elementor-widget-button\" data-id=\"677d4ac9\" data-element_type=\"widget\" data-e-type=\"widget\" data-widget_type=\"button.default\">\n\t\t\t\t<div class=\"elementor-widget-container\">\n\t\t\t\t\t\t\t\t\t<div class=\"elementor-button-wrapper\">\n\t\t\t\t\t<a class=\"elementor-button elementor-button-link elementor-size-sm elementor-animation-grow\" href=\"\/fr-ca\/author\/dr-suren-naidoo\/\">\n\t\t\t\t\t\t<span class=\"elementor-button-content-wrapper\">\n\t\t\t\t\t\t\t\t\t<span class=\"elementor-button-text\">View Articles<\/span>\n\t\t\t\t\t<\/span>\n\t\t\t\t\t<\/a>\n\t\t\t\t<\/div>\n\t\t\t\t\t\t\t\t<\/div>\n\t\t\t\t<\/div>\n\t\t\t\t<\/div>\n\t\t\t\t<div class=\"elementor-element elementor-element-3fa559a3 elementor-widget elementor-widget-theme-post-featured-image elementor-widget-image\" data-id=\"3fa559a3\" data-element_type=\"widget\" data-e-type=\"widget\" data-widget_type=\"theme-post-featured-image.default\">\n\t\t\t\t<div class=\"elementor-widget-container\">\n\t\t\t\t\t\t\t\t\t\t\t\t\t\t\t<img decoding=\"async\" width=\"768\" height=\"768\" src=\"https:\/\/menshealthclinic.com\/fr-ca\/wp-content\/uploads\/sites\/8\/2024\/10\/drSuren-768x768.webp?wsr\" class=\"attachment-medium_large size-medium_large wp-image-1371\" alt=\"\" srcset=\"https:\/\/menshealthclinic.com\/fr-ca\/wp-content\/uploads\/sites\/8\/2024\/10\/drSuren-768x768.webp 768w, https:\/\/menshealthclinic.com\/fr-ca\/wp-content\/uploads\/sites\/8\/2024\/10\/drSuren-300x300.webp 300w, https:\/\/menshealthclinic.com\/fr-ca\/wp-content\/uploads\/sites\/8\/2024\/10\/drSuren-150x150.webp 150w, https:\/\/menshealthclinic.com\/fr-ca\/wp-content\/uploads\/sites\/8\/2024\/10\/drSuren.webp 1000w\" sizes=\"(max-width: 768px) 100vw, 768px\" \/>\t\t\t\t\t\t\t\t\t\t\t\t\t\t\t<\/div>\n\t\t\t\t<\/div>\n\t\t\t\t\t<\/div>\n\t\t\t\t<\/div>\n\t\t\t\t<\/div>\n\t\t\t\t<div data-elementor-type=\"loop-item\" data-elementor-id=\"1173\" class=\"elementor elementor-1173 e-loop-item e-loop-item-1354 post-1354 expert type-expert status-publish has-post-thumbnail hentry expert-category-author expert-category-expert\" data-elementor-post-type=\"elementor_library\" data-custom-edit-handle=\"1\">\n\t\t\t<div class=\"elementor-element elementor-element-7cfef07 e-flex e-con-boxed e-con e-parent\" data-id=\"7cfef07\" data-element_type=\"container\" data-e-type=\"container\" data-settings=\"{&quot;background_background&quot;:&quot;classic&quot;}\">\n\t\t\t\t\t<div class=\"e-con-inner\">\n\t\t<div class=\"elementor-element elementor-element-428761de e-con-full e-flex e-con e-child\" data-id=\"428761de\" data-element_type=\"container\" data-e-type=\"container\">\n\t\t<div class=\"elementor-element elementor-element-1635ba25 e-con-full e-flex e-con e-child\" data-id=\"1635ba25\" data-element_type=\"container\" data-e-type=\"container\">\n\t\t\t\t<div class=\"elementor-element elementor-element-616ebfd3 elementor-widget elementor-widget-theme-post-title elementor-page-title elementor-widget-heading\" data-id=\"616ebfd3\" data-element_type=\"widget\" data-e-type=\"widget\" data-widget_type=\"theme-post-title.default\">\n\t\t\t\t<div class=\"elementor-widget-container\">\n\t\t\t\t\t<h2 class=\"elementor-heading-title elementor-size-default\">Dr. Fred Edwards<\/h2>\t\t\t\t<\/div>\n\t\t\t\t<\/div>\n\t\t\t\t<div class=\"elementor-element elementor-element-67811cae elementor-widget elementor-widget-heading\" data-id=\"67811cae\" data-element_type=\"widget\" data-e-type=\"widget\" data-widget_type=\"heading.default\">\n\t\t\t\t<div class=\"elementor-widget-container\">\n\t\t\t\t\t<h2 class=\"elementor-heading-title elementor-size-default\">MBBS, FRACGP<\/h2>\t\t\t\t<\/div>\n\t\t\t\t<\/div>\n\t\t\t\t<div class=\"elementor-element elementor-element-37ce47c1 elementor-widget elementor-widget-theme-post-content\" data-id=\"37ce47c1\" data-element_type=\"widget\" data-e-type=\"widget\" data-widget_type=\"theme-post-content.default\">\n\t\t\t\t<div class=\"elementor-widget-container\">\n\t\t\t\t\t\n<p>Dr. Fred Edwards est un m\u00e9decin g\u00e9n\u00e9raliste qualifi\u00e9 qui a plus de 30 ans d&#8217;exp\u00e9rience. Il vise \u00e0 \u00e9largir le champ de traitement au sein de Clinique de Sant\u00e9 Masculine pour inclure des probl\u00e8mes de sant\u00e9 g\u00e9n\u00e9rale pour aider les hommes.<\/p>\n\t\t\t\t<\/div>\n\t\t\t\t<\/div>\n\t\t\t\t<\/div>\n\t\t\t\t<div class=\"elementor-element elementor-element-677d4ac9 elementor-align-center elementor-widget elementor-widget-button\" data-id=\"677d4ac9\" data-element_type=\"widget\" data-e-type=\"widget\" data-widget_type=\"button.default\">\n\t\t\t\t<div class=\"elementor-widget-container\">\n\t\t\t\t\t\t\t\t\t<div class=\"elementor-button-wrapper\">\n\t\t\t\t\t<a class=\"elementor-button elementor-button-link elementor-size-sm elementor-animation-grow\" href=\"\/fr-ca\/author\/dr-fred-edwards\/\">\n\t\t\t\t\t\t<span class=\"elementor-button-content-wrapper\">\n\t\t\t\t\t\t\t\t\t<span class=\"elementor-button-text\">View Articles<\/span>\n\t\t\t\t\t<\/span>\n\t\t\t\t\t<\/a>\n\t\t\t\t<\/div>\n\t\t\t\t\t\t\t\t<\/div>\n\t\t\t\t<\/div>\n\t\t\t\t<\/div>\n\t\t\t\t<div class=\"elementor-element elementor-element-3fa559a3 elementor-widget elementor-widget-theme-post-featured-image elementor-widget-image\" data-id=\"3fa559a3\" data-element_type=\"widget\" data-e-type=\"widget\" data-widget_type=\"theme-post-featured-image.default\">\n\t\t\t\t<div class=\"elementor-widget-container\">\n\t\t\t\t\t\t\t\t\t\t\t\t\t\t\t<img decoding=\"async\" width=\"768\" height=\"768\" src=\"https:\/\/menshealthclinic.com\/fr-ca\/wp-content\/uploads\/sites\/8\/2024\/10\/drFred-768x768.webp?wsr\" class=\"attachment-medium_large size-medium_large wp-image-1374\" alt=\"\" srcset=\"https:\/\/menshealthclinic.com\/fr-ca\/wp-content\/uploads\/sites\/8\/2024\/10\/drFred-768x768.webp 768w, https:\/\/menshealthclinic.com\/fr-ca\/wp-content\/uploads\/sites\/8\/2024\/10\/drFred-300x300.webp 300w, https:\/\/menshealthclinic.com\/fr-ca\/wp-content\/uploads\/sites\/8\/2024\/10\/drFred-150x150.webp 150w, https:\/\/menshealthclinic.com\/fr-ca\/wp-content\/uploads\/sites\/8\/2024\/10\/drFred.webp 1000w\" sizes=\"(max-width: 768px) 100vw, 768px\" \/>\t\t\t\t\t\t\t\t\t\t\t\t\t\t\t<\/div>\n\t\t\t\t<\/div>\n\t\t\t\t\t<\/div>\n\t\t\t\t<\/div>\n\t\t\t\t<\/div>\n\t\t\t\t<\/div>\n\t\t\n\t\t\t\t\t\t<\/div>\n\t\t\t\t<\/div>\n\t\t\t\t\t<\/div>\n\t\t\t\t<\/div>\n\t\t\t\t<\/div>\n\t\t","protected":false},"excerpt":{"rendered":"<p>MHC provides customised treatment solutions for premature ejaculation, erectile dysfunction and chronic pain. Talk to one of our licensed men&#8217;s health doctors today!<\/p>\n","protected":false},"author":1,"featured_media":0,"parent":0,"menu_order":0,"comment_status":"closed","ping_status":"closed","template":"","meta":{"_acf_changed":false,"footnotes":""},"page-tag":[],"class_list":["post-1259","page","type-page","status-publish","hentry"],"acf":[],"_links":{"self":[{"href":"https:\/\/menshealthclinic.com\/fr-ca\/wp-json\/wp\/v2\/pages\/1259","targetHints":{"allow":["GET"]}}],"collection":[{"href":"https:\/\/menshealthclinic.com\/fr-ca\/wp-json\/wp\/v2\/pages"}],"about":[{"href":"https:\/\/menshealthclinic.com\/fr-ca\/wp-json\/wp\/v2\/types\/page"}],"author":[{"embeddable":true,"href":"https:\/\/menshealthclinic.com\/fr-ca\/wp-json\/wp\/v2\/users\/1"}],"replies":[{"embeddable":true,"href":"https:\/\/menshealthclinic.com\/fr-ca\/wp-json\/wp\/v2\/comments?post=1259"}],"version-history":[{"count":8,"href":"https:\/\/menshealthclinic.com\/fr-ca\/wp-json\/wp\/v2\/pages\/1259\/revisions"}],"predecessor-version":[{"id":2965,"href":"https:\/\/menshealthclinic.com\/fr-ca\/wp-json\/wp\/v2\/pages\/1259\/revisions\/2965"}],"wp:attachment":[{"href":"https:\/\/menshealthclinic.com\/fr-ca\/wp-json\/wp\/v2\/media?parent=1259"}],"wp:term":[{"taxonomy":"page-tag","embeddable":true,"href":"https:\/\/menshealthclinic.com\/fr-ca\/wp-json\/wp\/v2\/page-tag?post=1259"}],"curies":[{"name":"wp","href":"https:\/\/api.w.org\/{rel}","templated":true}]}}