{"id":1349,"date":"2024-10-23T02:53:42","date_gmt":"2024-10-23T06:53:42","guid":{"rendered":"http:\/\/healthstar"},"modified":"2025-02-07T05:24:44","modified_gmt":"2025-02-07T10:24:44","slug":"terms-conditions","status":"publish","type":"page","link":"https:\/\/menshealthclinic.com\/fr-ca\/terms-conditions\/","title":{"rendered":"Termes Et Conditions"},"content":{"rendered":"\n<p>D\u00e9couvrez davantage sur nos Conditions g\u00e9n\u00e9rales.<\/p>\n\n\n\n<h2 class=\"wp-block-heading\" id=\"privacy\">TERMES ET CONDITIONS<\/h2>\n\n\n\n<p>VEUILLEZ LIRE ATTENTIVEMENT CES TERMES ET CONDITIONS AVANT D&#8217;UTILISER NOTRE SERVICE OU CE SITE<\/p>\n\n\n\n<p>Ces termes vous indiquent les r\u00e8gles d&#8217;utilisation de notre site web www.menshealthclinic.com\/ca (notre site). www.menshealthclinic.com\/ca est un site exploit\u00e9 par la Men&#8217;s Health Clinic MHC (\u00ab Nous \u00bb ou \u00ab Notre \u00bb ou \u00ab Nos \u00bb). Nous sommes enregistr\u00e9s au Canada sous le num\u00e9ro BC 1317300 et avons notre si\u00e8ge social au 1175 Douglas St 7th Floor, Victoria, Colombie-Britannique, BC V8W 2E1, Canada.<\/p>\n\n\n\n<p>Pour nous contacter, veuillez envoyer un e-mail \u00e0 info@menshealthclinic.ca ou t\u00e9l\u00e9phoner \u00e0 notre service client au<a href=\"tel:+1 (800) 422 8149\">+1 (800) 422 8149.<\/a><\/p>\n\n\n\n<h2 class=\"wp-block-heading\" id=\"privacy\">EN UTILISANT NOTRE SITE, VOUS ACCEPTEZ CES TERMES<\/h2>\n\n\n\n<p>En utilisant notre site, vous confirmez que vous acceptez ces conditions d&#8217;utilisation et que vous vous engagez \u00e0 les respecter.<\/p>\n\n\n\n<p>Si vous n&#8217;acceptez pas ces termes, vous ne devez pas utiliser notre site.<\/p>\n\n\n\n<p>Nous vous recommandons d&#8217;imprimer une copie de ces termes pour r\u00e9f\u00e9rence future.<\/p>\n\n\n\n<p>Ces conditions d&#8217;utilisation font r\u00e9f\u00e9rence aux termes suppl\u00e9mentaires suivants, qui s&#8217;appliquent \u00e9galement \u00e0 votre utilisation de notre site :<\/p>\n\n\n\n<ul class=\"wp-block-list\">\n<li>Notre Politique de confidentialit\u00e9 qui explique comment nous pouvons utiliser vos informations personnelles (lorsque vous mettez ces informations \u00e0 notre disposition, par exemple, en cr\u00e9ant un compte).<\/li>\n\n\n\n<li>Notre Politique relative aux cookies, qui fournit des informations sur les cookies sur notre site. Nous modifions ces termes de temps \u00e0 autre et sauf indication contraire, les modifications prennent effet imm\u00e9diatement. Chaque fois que vous souhaitez utiliser notre site, vous \u00eates responsable de v\u00e9rifier ces termes pour vous assurer de comprendre les termes qui s&#8217;appliquent \u00e0 ce moment-l\u00e0. Si vous continuez \u00e0 utiliser ce site apr\u00e8s toute modification des termes, vous serez r\u00e9put\u00e9 avoir accept\u00e9 ces modifications. Ces termes ont \u00e9t\u00e9 mis \u00e0 jour pour la derni\u00e8re fois le 18\/05\/2021.<\/li>\n\n\n\n<li>Nous pouvons mettre \u00e0 jour et changer notre site de temps en temps pour refl\u00e9ter les changements dans nos produits, les besoins de nos utilisateurs et nos priorit\u00e9s commerciales ou pour toute autre raison. Nous essaierons de vous donner un pr\u00e9avis raisonnable de tout changement majeur.<\/li>\n<\/ul>\n\n\n\n<p>Notre site est mis \u00e0 disposition gratuitement.<\/p>\n\n\n\n<p>Nous ne garantissons pas que notre site, ou tout contenu sur celui-ci, sera toujours disponible ou ininterrompu. Nous pouvons suspendre, retirer ou restreindre la disponibilit\u00e9 de tout ou partie de notre site pour des raisons commerciales et op\u00e9rationnelles. Nous essaierons de vous donner un pr\u00e9avis raisonnable de toute suspension ou retrait.<\/p>\n\n\n\n<p>Vous \u00eates responsable de vous assurer que toutes les personnes qui acc\u00e8dent \u00e0 notre site via votre connexion Internet sont inform\u00e9es de ces conditions d&#8217;utilisation et d&#8217;autres conditions g\u00e9n\u00e9rales applicables, et qu&#8217;elles s&#8217;y conforment.<\/p>\n\n\n\n<p>Nous pouvons transf\u00e9rer nos droits et obligations en vertu de ces termes \u00e0 une autre organisation. Nous vous informerons toujours par \u00e9crit si cela se produit et nous veillerons \u00e0 ce que le transfert n&#8217;affecte pas vos droits en vertu du contrat.<\/p>\n\n\n\n<p>Notre site s&#8217;adresse aux personnes r\u00e9sidant au Canada. Nous ne pr\u00e9tendons pas que le contenu disponible sur notre site est appropri\u00e9 pour une utilisation ou disponible dans d&#8217;autres endroits&nbsp;ou satisfait aux lois d&#8217;autres pays. [Si vous acc\u00e9dez au site en dehors du Canada, vous \u00eates responsable de vous assurer que votre acc\u00e8s et votre utilisation du site ne sont ni ill\u00e9gaux ni interdits, et que vous respectez les lois locales applicables.].<\/p>\n\n\n\n<p>Si vous choisissez, ou si on vous fournit, un code d&#8217;identification d&#8217;utilisateur, un mot de passe ou toute autre information dans le cadre de nos proc\u00e9dures de s\u00e9curit\u00e9, vous devez traiter ces informations comme confidentielles. Vous ne devez les divulguer \u00e0 aucun tiers.<\/p>\n\n\n\n<p>Nous avons le droit de d\u00e9sactiver \u00e0 tout moment tout code d&#8217;identification d&#8217;utilisateur ou mot de passe, que vous avez choisi ou qui vous a \u00e9t\u00e9 attribu\u00e9, si, \u00e0 notre avis raisonnable, vous avez omis de respecter l&#8217;une des dispositions de ces conditions d&#8217;utilisation.<\/p>\n\n\n\n<p>Si vous savez ou soup\u00e7onnez que quelqu&#8217;un d&#8217;autre que vous conna\u00eet votre code d&#8217;identification d&#8217;utilisateur ou votre mot de passe, vous devez nous en informer rapidement \u00e0&nbsp;<a href=\"mailto:info@menshealthclinic.ca\">info@menshealthclinic.ca<\/a><\/p>\n\n\n\n<p>Nous sommes propri\u00e9taires ou titulaires de toutes les droits de propri\u00e9t\u00e9 intellectuelle de notre site,&nbsp;y compris le r\u00e9seau, le syst\u00e8me, les donn\u00e9es ou le mat\u00e9riel qui sous-tendent ou sont connect\u00e9s \u00e0 notre site (le syst\u00e8me sous-jacent),&nbsp;et du mat\u00e9riel publi\u00e9 sur celui-ci. Ces \u0153uvres sont prot\u00e9g\u00e9es par les lois sur le droit d&#8217;auteur et les trait\u00e9s du monde entier. Tous ces droits sont r\u00e9serv\u00e9s.<\/p>\n\n\n\n<p>Vous pouvez imprimer une copie et t\u00e9l\u00e9charger des extraits de toute page de notre site pour votre usage personnel et attirer l&#8217;attention d&#8217;autres personnes au sein de votre organisation sur le contenu publi\u00e9 sur notre site.<\/p>\n\n\n\n<p>Vous ne devez pas modifier les copies papier ou num\u00e9riques de tout mat\u00e9riel que vous avez imprim\u00e9 ou t\u00e9l\u00e9charg\u00e9 de quelque mani\u00e8re que ce soit, et vous ne devez pas utiliser d&#8217;illustrations, de photographies, de s\u00e9quences vid\u00e9o ou audio ou de graphiques s\u00e9par\u00e9ment du texte accompagnant.<\/p>\n\n\n\n<p>Notre statut (et celui de tout contributeur identifi\u00e9) en tant qu&#8217;auteurs du contenu de notre site doit toujours \u00eatre reconnu.<\/p>\n\n\n\n<p>Vous ne devez utiliser aucune partie du contenu de notre site \u00e0 des fins commerciales sans obtenir une licence de notre part ou de nos conc\u00e9dants.<\/p>\n\n\n\n<p>Si vous imprimez, copiez ou t\u00e9l\u00e9chargez une partie de notre site en violation de ces conditions d&#8217;utilisation, votre droit d&#8217;utiliser notre site prendra fin imm\u00e9diatement et vous devrez, \u00e0 notre discr\u00e9tion, restituer ou d\u00e9truire toute copie des mat\u00e9riaux que vous avez faite.<\/p>\n\n\n\n<h2 class=\"wp-block-heading\">NE PAS SE FIERS AUX INFORMATIONS SUR CE SITE<\/h2>\n\n\n\n<p>Le contenu de notre site est fourni uniquement \u00e0 des fins d&#8217;information g\u00e9n\u00e9rale. Il n&#8217;est pas destin\u00e9 \u00e0 constituer un conseil sur lequel vous devez vous fier.&nbsp;Nous vous recommandons&nbsp;d&#8217;obtenir des conseils professionnels ou sp\u00e9cialis\u00e9s avant de prendre, ou de vous abstenir de prendre, toute mesure sur la base du contenu de notre site.<\/p>\n\n\n\n<p>Bien que nous fassions des efforts raisonnables pour mettre \u00e0 jour les informations sur notre site, nous ne faisons aucune d\u00e9claration, garantie ou engagement, qu&#8217;ils soient explicites ou implicites, quant \u00e0 l&#8217;exactitude, l&#8217;exhaustivit\u00e9 ou l&#8217;actualit\u00e9 du contenu de notre site.<\/p>\n\n\n\n<p>Lorsque notre site contient des liens vers d&#8217;autres sites et ressources fournis par des tiers, ces liens sont fournis uniquement \u00e0 titre d&#8217;information. Ces liens ne doivent pas \u00eatre interpr\u00e9t\u00e9s comme une approbation de notre part des sites li\u00e9s ou des informations que vous pouvez en obtenir. Nous n&#8217;avons aucun contr\u00f4le sur le contenu de ces sites ou ressources.<\/p>\n\n\n\n<p>Ce site peut inclure des informations et des documents t\u00e9l\u00e9charg\u00e9s par d&#8217;autres utilisateurs du site, y compris sur les babillards \u00e9lectroniques et les salles de discussion. Ces informations et ces documents n&#8217;ont pas \u00e9t\u00e9 v\u00e9rifi\u00e9s ou approuv\u00e9s par nous. Les opinions exprim\u00e9es par d&#8217;autres utilisateurs sur notre site ne repr\u00e9sentent pas nos opinions ou nos valeurs.<\/p>\n\n\n\n<p>Si vous souhaitez vous plaindre du contenu t\u00e9l\u00e9charg\u00e9 par d&#8217;autres utilisateurs, veuillez contacter&nbsp;<a href=\"mailto:info@menshealthclinic.ca\">info@menshealthclinic.ca<\/a><\/p>\n\n\n\n<p>Les limitations et exclusions de responsabilit\u00e9 suivantes ne s&#8217;appliquent pas \u00e0 la fourniture de services et\/ou de produits de traitement par MHC. Veuillez consulter les conditions g\u00e9n\u00e9rales du client.<\/p>\n\n\n\n<p>Dans la mesure permise par la loi, nous excluons toutes les conditions implicites, garanties, repr\u00e9sentations ou autres termes qui peuvent s&#8217;appliquer \u00e0 notre site ou \u00e0 son contenu. Dans la mesure permise par la loi, nous ne serons pas responsables envers vous de toute perte ou dommage, qu&#8217;il soit contractuel, d\u00e9lictuel (y compris la n\u00e9gligence), violation d&#8217;une obligation l\u00e9gale ou autre, m\u00eame pr\u00e9visible, d\u00e9coulant de ou li\u00e9 \u00e0;<\/p>\n\n\n\n<ul class=\"wp-block-list\">\n<li>utilisation de notre site ou incapacit\u00e9 de l&#8217;utiliser ; ou<\/li>\n\n\n\n<li>utilisation ou d\u00e9pendance \u00e0 l&#8217;\u00e9gard de tout contenu affich\u00e9 sur notre site.<\/li>\n<\/ul>\n\n\n\n<p>En particulier, nous ne serons pas responsables de :<\/p>\n\n\n\n<ul class=\"wp-block-list\">\n<li>interruption d&#8217;activit\u00e9;<\/li>\n\n\n\n<li>perte d&#8217;\u00e9conomies pr\u00e9vues;<\/li>\n\n\n\n<li>perte d&#8217;opportunit\u00e9 commerciale, de r\u00e9putation ou de bonne volont\u00e9; ou<\/li>\n\n\n\n<li>toute perte ou dommage indirect ou cons\u00e9cutif.<\/li>\n<\/ul>\n\n\n\n<p>Nous n&#8217;excluons ni ne limitons de quelque mani\u00e8re que ce soit notre responsabilit\u00e9 envers vous dans la mesure o\u00f9 cela serait ill\u00e9gal. Par exemple, sauf dans la mesure permise par la loi, rien dans ces termes n&#8217;a pour effet de d\u00e9roger \u00e0 la Loi canadienne sur la s\u00e9curit\u00e9 des produits de consommation (LCSPC) ou \u00e0 toute loi sur la protection des consommateurs. Nous n&#8217;utiliserons les informations personnelles que conform\u00e9ment \u00e0 notre Politique de confidentialit\u00e9.<\/p>\n\n\n\n<p>Chaque fois que vous utilisez une fonctionnalit\u00e9 qui vous permet de t\u00e9l\u00e9charger du contenu sur notre site ou de prendre contact avec d&#8217;autres utilisateurs de notre site, vous garantissez que si une telle contribution est conforme aux normes acceptables, vous serez responsable envers nous et nous indemniserez en cas de violation de cette garantie. Cela signifie que vous serez responsable de toute perte ou dommage que nous subissons en raison de votre violation de garantie.<\/p>\n\n\n\n<p>Nous ne garantissons pas que notre site sera s\u00e9curis\u00e9 ou exempt de bogues, de virus ou d&#8217;autres formes d&#8217;interf\u00e9rences.<\/p>\n\n\n\n<p>Vous \u00eates responsable de vous assurer que le processus par lequel vous acc\u00e9dez et utilisez notre site (y compris la configuration de votre technologie de l&#8217;information, les programmes informatiques et la plateforme) vous prot\u00e8ge contre les bogues, les virus ou d&#8217;autres formes d&#8217;interf\u00e9rences. Vous ne devez pas introduire d\u00e9lib\u00e9r\u00e9ment des virus, des chevaux de Troie, des vers, des bombes logiques ou tout autre mat\u00e9riel malveillant ou technologiquement nuisible sur notre site ou sur le syst\u00e8me sous-jacent.<\/p>\n\n\n\n<p>Vous ne devez pas tenter d&#8217;acc\u00e9der ill\u00e9galement \u00e0 notre site, au serveur sur lequel notre site est stock\u00e9, ou \u00e0 tout serveur, ordinateur ou base de donn\u00e9es connect\u00e9 \u00e0 notre site.&nbsp;Vous ne pouvez acc\u00e9der \u00e0 notre site qu&#8217;\u00e0 l&#8217;aide de navigateurs web standard et non par d&#8217;autres m\u00e9thodes telles que le scraping, le deep-linking, le harvesting, le data mining ou toute autre m\u00e9thode de collecte, d&#8217;extraction ou de surveillance de donn\u00e9es.<\/p>\n\n\n\n<p>Vous ne devez pas attaquer notre site par le biais d&#8217;une attaque par d\u00e9ni de service ou d&#8217;une attaque par d\u00e9ni de service distribu\u00e9.&nbsp;Nous nous r\u00e9servons le droit de&nbsp;signaler toute violation de ce type aux autorit\u00e9s comp\u00e9tentes en mati\u00e8re de maintien de l&#8217;ordre et de coop\u00e9rer avec ces autorit\u00e9s en divulguant votre identit\u00e9. En cas de violation de ce type, votre droit d&#8217;utiliser notre site prendra fin imm\u00e9diatement.<\/p>\n\n\n\n<p>Vous pouvez cr\u00e9er un lien vers notre page d&#8217;accueil, \u00e0 condition de le faire de mani\u00e8re \u00e9quitable et l\u00e9gale et sans nuire \u00e0 notre r\u00e9putation ni en tirer avantage.<\/p>\n\n\n\n<p>Vous ne devez pas \u00e9tablir de lien de mani\u00e8re \u00e0 sugg\u00e9rer une quelconque forme d&#8217;association, d&#8217;approbation ou d&#8217;endossement de notre part l\u00e0 o\u00f9 il n&#8217;y en a pas.<\/p>\n\n\n\n<p>Vous ne devez pas \u00e9tablir de lien vers notre site depuis un site qui ne vous appartient pas.<\/p>\n\n\n\n<p>Notre site ne doit pas \u00eatre encadr\u00e9 sur un autre site, et vous ne pouvez pas cr\u00e9er de lien vers une partie de notre site autre que la page d&#8217;accueil.<\/p>\n\n\n\n<p>Nous nous r\u00e9servons le droit de retirer les autorisations de lien. Si nous retirons une autorisation de lien ou d\u00e9couvrons un lien qui enfreint les exigences ci-dessus, nous pouvons vous demander de supprimer le lien imm\u00e9diatement. Vous acceptez de vous conformer \u00e0 cette demande.<\/p>\n\n\n\n<p>Si vous souhaitez cr\u00e9er un lien vers ou faire un autre usage du contenu de notre site autre que celui indiqu\u00e9 ci-dessus, veuillez contacter&nbsp;<a href=\"mailto:info@menshealthclinic.ca\">info@menshealthclinic.ca<\/a><\/p>\n\n\n\n<h2 class=\"wp-block-heading\">INFORMATIONS COLLECT\u00c9ES SUR NOTRE SITE<\/h2>\n\n\n\n<p>Nous pouvons utiliser des &#8220;cookies&#8221; et d&#8217;autres technologies internet similaires sur notre site. Les &#8220;cookies&#8221; sont de petits fichiers de donn\u00e9es que votre navigateur internet stocke sur le dispositif par lequel vous acc\u00e9dez au site. Les cookies sont stock\u00e9s afin que votre navigateur internet puisse naviguer sur un site web et les cookies eux-m\u00eames ne peuvent collecter aucune information stock\u00e9e sur votre ordinateur ou autre dispositif. Nous n&#8217;utiliserons pas de cookies pour collecter vos informations personnelles d&#8217;identification.<\/p>\n\n\n\n<p>L&#8217;utilisation de cookies et de technologies similaires nous aide \u00e0 surveiller la mani\u00e8re dont les visiteurs utilisent le site (par exemple, les pages visit\u00e9es) et peut am\u00e9liorer l&#8217;exp\u00e9rience utilisateur en se souvenant de vos pr\u00e9f\u00e9rences.<\/p>\n\n\n\n<p>Notre site utilise des cookies pour vous distinguer des autres utilisateurs de notre site web. Cela nous aide \u00e0 vous fournir une bonne exp\u00e9rience lorsque vous parcourez notre site web et nous permet \u00e9galement d&#8217;am\u00e9liorer notre site.<\/p>\n\n\n\n<p>Nous utilisons les cookies suivants :<\/p>\n\n\n\n<ul class=\"wp-block-list\">\n<li>Cookies essentiels : Ce sont des cookies n\u00e9cessaires au fonctionnement de notre site. Ils comprennent, par exemple, les cookies qui vous permettent de vous connecter aux zones s\u00e9curis\u00e9es de notre site.<\/li>\n\n\n\n<li>Cookies analytiques ou de performance : Ils nous permettent de reconna\u00eetre et de compter le nombre de visiteurs et de voir comment les visiteurs se d\u00e9placent sur notre site lorsqu&#8217;ils l&#8217;utilisent. Cela nous aide \u00e0 am\u00e9liorer le fonctionnement de notre site.<\/li>\n\n\n\n<li>Cookies de fonctionnalit\u00e9 : Ils sont utilis\u00e9s pour vous reconna\u00eetre lorsque vous revenez sur notre site. Cela nous permet de personnaliser notre contenu pour vous, de vous saluer par votre nom (si vous avez cr\u00e9\u00e9 un compte sur le site) et de m\u00e9moriser vos pr\u00e9f\u00e9rences.<\/li>\n\n\n\n<li>Cookies de ciblage : Ces cookies enregistrent votre visite sur notre site, les pages que vous avez visit\u00e9es et les liens que vous avez suivis. Nous utiliserons ces informations pour rendre notre site et la publicit\u00e9 qui y est affich\u00e9e plus pertinents pour vos int\u00e9r\u00eats.<\/li>\n<\/ul>\n\n\n\n<p>Vous pouvez bloquer les cookies en activant le param\u00e8tre de votre navigateur qui vous permet de refuser l&#8217;installation de tous ou de certains cookies. Cependant, si vous utilisez les param\u00e8tres de votre navigateur pour bloquer tous les cookies (y compris les cookies essentiels), vous pourriez ne pas \u00eatre en mesure d&#8217;acc\u00e9der \u00e0 tout ou partie de notre site.<\/p>\n\n\n\n<p>Notre site peut inclure des liens vers des sites web, des plug-ins et des applications de tiers. En cliquant sur ces liens ou en activant ces connexions, des tiers peuvent collecter ou partager des donn\u00e9es vous concernant. Nous ne sommes pas responsables du traitement de vos informations personnelles par ces tiers. Lorsque vous quittez notre site, il est fortement recommand\u00e9 de lire la politique de confidentialit\u00e9 et la politique de cookies de ces tiers.<\/p>\n\n\n\n<p>Veuillez noter que ces conditions d&#8217;utilisation, leur objet et leur formation sont r\u00e9gis par la loi canadienne. Vous et nous nous soumettons \u00e0 la juridiction non exclusive des tribunaux canadiens en ce qui concerne tout litige li\u00e9 \u00e0 ces conditions ou \u00e0 ce site. Pour que nous renoncions \u00e0 un droit en vertu des conditions d&#8217;utilisation, la renonciation doit \u00eatre \u00e9crite.<\/p>\n\n\n\n<p>Si une partie de ces conditions est ou devient ill\u00e9gale, inapplicable ou invalide, cette partie est r\u00e9put\u00e9e modifi\u00e9e dans la mesure n\u00e9cessaire pour rem\u00e9dier \u00e0 l&#8217;ill\u00e9galit\u00e9, \u00e0 l&#8217;inapplicabilit\u00e9 ou \u00e0 l&#8217;invalidit\u00e9. Si une modification n&#8217;est pas possible, la partie sera trait\u00e9e comme d\u00e9tach\u00e9e de ces conditions. Le reste des conditions restera contraignant.<\/p>\n\n\n\n<p>Si vous avez des demandes, des questions, des pr\u00e9occupations ou des commentaires, nous sommes toujours heureux d&#8217;entendre parler de nos patients. Vous pouvez nous contacter \u00e0 l&#8217;adresse e-mail suivante :<a href=\"mailto:info@menshealthclinic.ca\">&nbsp;info@menshealthclinic.ca<\/a><\/p>\n\n\n\n<p>Num\u00e9ro de t\u00e9l\u00e9phone : +1 (800) 422 8149<\/p>\n\n\n\n<p>Bureau au Canada : 1175 Douglas St 7th Floor, Victoria, Colombie-Britannique, BC V8W 2E1, Canada.<\/p>\n","protected":false},"excerpt":{"rendered":"<p>MHC provides customised treatment solutions for premature ejaculation, erectile dysfunction and chronic pain. Talk to one of our licensed men&#8217;s health doctors today!<\/p>\n","protected":false},"author":1,"featured_media":0,"parent":0,"menu_order":0,"comment_status":"closed","ping_status":"closed","template":"","meta":{"_acf_changed":false,"footnotes":""},"page-tag":[],"class_list":["post-1349","page","type-page","status-publish","hentry"],"acf":[],"_links":{"self":[{"href":"https:\/\/menshealthclinic.com\/fr-ca\/wp-json\/wp\/v2\/pages\/1349","targetHints":{"allow":["GET"]}}],"collection":[{"href":"https:\/\/menshealthclinic.com\/fr-ca\/wp-json\/wp\/v2\/pages"}],"about":[{"href":"https:\/\/menshealthclinic.com\/fr-ca\/wp-json\/wp\/v2\/types\/page"}],"author":[{"embeddable":true,"href":"https:\/\/menshealthclinic.com\/fr-ca\/wp-json\/wp\/v2\/users\/1"}],"replies":[{"embeddable":true,"href":"https:\/\/menshealthclinic.com\/fr-ca\/wp-json\/wp\/v2\/comments?post=1349"}],"version-history":[{"count":4,"href":"https:\/\/menshealthclinic.com\/fr-ca\/wp-json\/wp\/v2\/pages\/1349\/revisions"}],"predecessor-version":[{"id":2972,"href":"https:\/\/menshealthclinic.com\/fr-ca\/wp-json\/wp\/v2\/pages\/1349\/revisions\/2972"}],"wp:attachment":[{"href":"https:\/\/menshealthclinic.com\/fr-ca\/wp-json\/wp\/v2\/media?parent=1349"}],"wp:term":[{"taxonomy":"page-tag","embeddable":true,"href":"https:\/\/menshealthclinic.com\/fr-ca\/wp-json\/wp\/v2\/page-tag?post=1349"}],"curies":[{"name":"wp","href":"https:\/\/api.w.org\/{rel}","templated":true}]}}