{"id":1578,"date":"2024-10-23T09:42:34","date_gmt":"2024-10-23T13:42:34","guid":{"rendered":"https:\/\/menshealthclinic.com\/fr-ca\/"},"modified":"2025-06-09T20:11:10","modified_gmt":"2025-06-10T00:11:10","slug":"dr-edwards","status":"publish","type":"page","link":"https:\/\/menshealthclinic.com\/fr-ca\/dr-edwards\/","title":{"rendered":"Rencontrez le Dr Fred Edwards"},"content":{"rendered":"\t\t<div data-elementor-type=\"wp-page\" data-elementor-id=\"1578\" class=\"elementor elementor-1578\" data-elementor-post-type=\"page\">\n\t\t\t\t<div class=\"elementor-element elementor-element-722ab3b curve-circle t-r  page-wrapper e-flex e-con-boxed e-con e-parent\" data-id=\"722ab3b\" data-element_type=\"container\" data-e-type=\"container\" data-settings=\"{&quot;background_background&quot;:&quot;gradient&quot;}\">\n\t\t\t\t\t<div class=\"e-con-inner\">\n\t\t\t\t<div class=\"elementor-element elementor-element-28e29f1 elementor-widget elementor-widget-video\" data-id=\"28e29f1\" data-element_type=\"widget\" data-e-type=\"widget\" data-settings=\"{&quot;youtube_url&quot;:&quot;https:\\\/\\\/www.youtube.com\\\/watch?v=5lfI4rsCBRg&quot;,&quot;image_overlay&quot;:{&quot;url&quot;:&quot;https:\\\/\\\/menshealthclinic.com\\\/fr-ca\\\/wp-content\\\/uploads\\\/sites\\\/8\\\/2024\\\/10\\\/DR-EDWARDS-THUMBNAIL-1-1.webp&quot;,&quot;id&quot;:3290,&quot;size&quot;:&quot;&quot;,&quot;alt&quot;:&quot;&quot;,&quot;source&quot;:&quot;library&quot;},&quot;show_image_overlay&quot;:&quot;yes&quot;,&quot;video_type&quot;:&quot;youtube&quot;}\" data-widget_type=\"video.default\">\n\t\t\t\t<div class=\"elementor-widget-container\">\n\t\t\t\t\t\t\t<div class=\"elementor-wrapper elementor-open-inline\">\n\t\t\t<div class=\"elementor-video\"><\/div>\t\t\t\t<div class=\"elementor-custom-embed-image-overlay\" style=\"background-image: url(https:\/\/menshealthclinic.com\/fr-ca\/wp-content\/uploads\/sites\/8\/2024\/10\/DR-EDWARDS-THUMBNAIL-1-1.webp);\">\n\t\t\t\t\t\t\t\t\t\t\t\t\t\t\t\t<div class=\"elementor-custom-embed-play\" role=\"button\" aria-label=\"Play Video\" tabindex=\"0\">\n\t\t\t\t\t\t\t<svg aria-hidden=\"true\" class=\"e-font-icon-svg e-eicon-play\" viewBox=\"0 0 1000 1000\" xmlns=\"http:\/\/www.w3.org\/2000\/svg\"><path d=\"M838 162C746 71 633 25 500 25 371 25 258 71 163 162 71 254 25 367 25 500 25 633 71 746 163 837 254 929 367 979 500 979 633 979 746 933 838 837 929 746 975 633 975 500 975 367 929 254 838 162M808 192C892 279 933 379 933 500 933 621 892 725 808 808 725 892 621 938 500 938 379 938 279 896 196 808 113 725 67 621 67 500 67 379 108 279 196 192 279 108 383 62 500 62 621 62 721 108 808 192M438 392V642L642 517 438 392Z\"><\/path><\/svg>\t\t\t\t\t\t<\/div>\n\t\t\t\t\t\t\t\t\t<\/div>\n\t\t\t\t\t<\/div>\n\t\t\t\t\t\t<\/div>\n\t\t\t\t<\/div>\n\t\t\t\t<div class=\"elementor-element elementor-element-0dc48e7 elementor-absolute no-overflow elementor-widget elementor-widget-image\" data-id=\"0dc48e7\" data-element_type=\"widget\" data-e-type=\"widget\" data-settings=\"{&quot;_position&quot;:&quot;absolute&quot;}\" data-widget_type=\"image.default\">\n\t\t\t\t<div class=\"elementor-widget-container\">\n\t\t\t\t\t\t\t\t\t\t\t\t\t\t\t<img fetchpriority=\"high\" decoding=\"async\" width=\"370\" height=\"370\" src=\"https:\/\/menshealthclinic.com\/fr-ca\/wp-content\/uploads\/sites\/8\/2024\/10\/imageCurveBall.svg\" class=\"attachment-large size-large wp-image-1171\" alt=\"\" \/>\t\t\t\t\t\t\t\t\t\t\t\t\t\t\t<\/div>\n\t\t\t\t<\/div>\n\t\t\t\t\t<\/div>\n\t\t\t\t<\/div>\n\t\t<div class=\"elementor-element elementor-element-c5a8e83 e-flex e-con-boxed e-con e-child\" data-id=\"c5a8e83\" data-element_type=\"container\" data-e-type=\"container\">\n\t\t\t\t\t<div class=\"e-con-inner\">\n\t\t\t\t<div class=\"elementor-element elementor-element-9eb5ff7 elementor-widget elementor-widget-heading\" data-id=\"9eb5ff7\" data-element_type=\"widget\" data-e-type=\"widget\" data-widget_type=\"heading.default\">\n\t\t\t\t<div class=\"elementor-widget-container\">\n\t\t\t\t\t<span class=\"elementor-heading-title elementor-size-default\">Rencontrez le Dr Fred Edwards<\/span>\t\t\t\t<\/div>\n\t\t\t\t<\/div>\n\t\t\t\t<div class=\"elementor-element elementor-element-4a591e2 elementor-widget elementor-widget-heading\" data-id=\"4a591e2\" data-element_type=\"widget\" data-e-type=\"widget\" data-widget_type=\"heading.default\">\n\t\t\t\t<div class=\"elementor-widget-container\">\n\t\t\t\t\t<h2 class=\"elementor-heading-title elementor-size-default\">La dysfonction \u00e9rectile (DE) et l'\u00e9jaculation pr\u00e9coce (EP) peuvent affecter votre confiance, mettre \u00e0 l'\u00e9preuve vos relations et \u00f4ter la joie de l'intimit\u00e9.<\/h2>\t\t\t\t<\/div>\n\t\t\t\t<\/div>\n\t\t\t\t<div class=\"elementor-element elementor-element-25bb0de elementor-widget elementor-widget-text-editor\" data-id=\"25bb0de\" data-element_type=\"widget\" data-e-type=\"widget\" data-widget_type=\"text-editor.default\">\n\t\t\t\t<div class=\"elementor-widget-container\">\n\t\t\t\t\t\t\t\t\t<p>La dysfonction \u00e9rectile (DE) et l&#8217;\u00e9jaculation pr\u00e9coce (EP) peuvent affecter votre confiance, mettre \u00e0 l&#8217;\u00e9preuve vos relations et \u00f4ter la joie de l&#8217;intimit\u00e9.<\/p><p>Lib\u00e9rez-vous du poids de ces d\u00e9fis li\u00e9s \u00e0 la sant\u00e9 sexuelle et reprenez le contr\u00f4le de votre vie. Nos traitements hautement personnalis\u00e9s sont soigneusement formul\u00e9s pour vous aider \u00e0 atteindre des performances optimales sans effets ind\u00e9sirables. Travaillons ensemble pour retrouver votre confiance dans la chambre \u00e0 coucher.<\/p>\t\t\t\t\t\t\t\t<\/div>\n\t\t\t\t<\/div>\n\t\t\t\t<div class=\"elementor-element elementor-element-8238d60 elementor-align-center elementor-widget__width-inherit elementor-widget elementor-widget-button\" data-id=\"8238d60\" data-element_type=\"widget\" data-e-type=\"widget\" data-widget_type=\"button.default\">\n\t\t\t\t<div class=\"elementor-widget-container\">\n\t\t\t\t\t\t\t\t\t<div class=\"elementor-button-wrapper\">\n\t\t\t\t\t<a class=\"elementor-button elementor-button-link elementor-size-sm\" href=\"https:\/\/menshealthclinic.as.me\/email?utm_source=website&#038;utm_medium=book_now\" target=\"_blank\" rel=\"noopener\">\n\t\t\t\t\t\t<span class=\"elementor-button-content-wrapper\">\n\t\t\t\t\t\t\t\t\t<span class=\"elementor-button-text\">Planifiez Un Rendez-Vous<\/span>\n\t\t\t\t\t<\/span>\n\t\t\t\t\t<\/a>\n\t\t\t\t<\/div>\n\t\t\t\t\t\t\t\t<\/div>\n\t\t\t\t<\/div>\n\t\t\t\t\t<\/div>\n\t\t\t\t<\/div>\n\t\t\t\t<\/div>\n\t\t","protected":false},"excerpt":{"rendered":"<p>MHC provides customised treatment solutions for premature ejaculation, erectile dysfunction and chronic pain. Talk to one of our licensed men&#8217;s health doctors today!<\/p>\n","protected":false},"author":1,"featured_media":0,"parent":0,"menu_order":0,"comment_status":"closed","ping_status":"closed","template":"","meta":{"_acf_changed":false,"footnotes":""},"page-tag":[],"class_list":["post-1578","page","type-page","status-publish","hentry"],"acf":[],"_links":{"self":[{"href":"https:\/\/menshealthclinic.com\/fr-ca\/wp-json\/wp\/v2\/pages\/1578","targetHints":{"allow":["GET"]}}],"collection":[{"href":"https:\/\/menshealthclinic.com\/fr-ca\/wp-json\/wp\/v2\/pages"}],"about":[{"href":"https:\/\/menshealthclinic.com\/fr-ca\/wp-json\/wp\/v2\/types\/page"}],"author":[{"embeddable":true,"href":"https:\/\/menshealthclinic.com\/fr-ca\/wp-json\/wp\/v2\/users\/1"}],"replies":[{"embeddable":true,"href":"https:\/\/menshealthclinic.com\/fr-ca\/wp-json\/wp\/v2\/comments?post=1578"}],"version-history":[{"count":37,"href":"https:\/\/menshealthclinic.com\/fr-ca\/wp-json\/wp\/v2\/pages\/1578\/revisions"}],"predecessor-version":[{"id":3306,"href":"https:\/\/menshealthclinic.com\/fr-ca\/wp-json\/wp\/v2\/pages\/1578\/revisions\/3306"}],"wp:attachment":[{"href":"https:\/\/menshealthclinic.com\/fr-ca\/wp-json\/wp\/v2\/media?parent=1578"}],"wp:term":[{"taxonomy":"page-tag","embeddable":true,"href":"https:\/\/menshealthclinic.com\/fr-ca\/wp-json\/wp\/v2\/page-tag?post=1578"}],"curies":[{"name":"wp","href":"https:\/\/api.w.org\/{rel}","templated":true}]}}