{"id":3013,"date":"2025-04-02T02:31:25","date_gmt":"2025-04-02T01:31:25","guid":{"rendered":"https:\/\/menshealthclinic.com\/uk\/?page_id=2933"},"modified":"2025-07-15T23:36:40","modified_gmt":"2025-07-16T03:36:40","slug":"thank-you-pdf","status":"publish","type":"page","link":"https:\/\/menshealthclinic.com\/fr-ca\/thank-you-pdf\/","title":{"rendered":"Merci pour votre t\u00e9l\u00e9chargement"},"content":{"rendered":"\t\t<div data-elementor-type=\"wp-page\" data-elementor-id=\"3013\" class=\"elementor elementor-3013\" data-elementor-post-type=\"page\">\n\t\t\t\t<div class=\"elementor-element elementor-element-70b9f17 curve-circle t-r  page-wrapper e-flex e-con-boxed e-con e-parent\" data-id=\"70b9f17\" data-element_type=\"container\" data-e-type=\"container\" data-settings=\"{&quot;background_background&quot;:&quot;gradient&quot;}\">\n\t\t\t\t\t<div class=\"e-con-inner\">\n\t\t\t\t<div class=\"elementor-element elementor-element-b289111 elementor-widget__width-inherit elementor-widget elementor-widget-heading\" data-id=\"b289111\" data-element_type=\"widget\" data-e-type=\"widget\" data-widget_type=\"heading.default\">\n\t\t\t\t<div class=\"elementor-widget-container\">\n\t\t\t\t\t<span class=\"elementor-heading-title elementor-size-default\">Quelle est la prochaine \u00e9tape ?<\/span>\t\t\t\t<\/div>\n\t\t\t\t<\/div>\n\t\t<div class=\"elementor-element elementor-element-83967a8 e-con-full e-flex e-con e-child\" data-id=\"83967a8\" data-element_type=\"container\" data-e-type=\"container\">\n\t\t<div class=\"elementor-element elementor-element-df4f4dd e-con-full pdf-section pdf-Erectile-Dysfunction pdf-Dysfonction-\u00c9rectile e-flex e-con e-child\" data-id=\"df4f4dd\" data-element_type=\"container\" data-e-type=\"container\" data-settings=\"{&quot;background_background&quot;:&quot;classic&quot;}\" data-condition=\"\">\n\t\t\t\t<div class=\"elementor-element elementor-element-0e80f4a elementor-position-top elementor-widget elementor-widget-image-box\" data-id=\"0e80f4a\" data-element_type=\"widget\" data-e-type=\"widget\" data-widget_type=\"image-box.default\">\n\t\t\t\t<div class=\"elementor-widget-container\">\n\t\t\t\t\t<div class=\"elementor-image-box-wrapper\"><figure class=\"elementor-image-box-img\"><img fetchpriority=\"high\" decoding=\"async\" width=\"1048\" height=\"1482\" src=\"https:\/\/menshealthclinic.com\/fr-ca\/wp-content\/uploads\/sites\/8\/2025\/04\/eBook-ED.webp\" class=\"attachment-full size-full wp-image-3068\" alt=\"\" srcset=\"https:\/\/menshealthclinic.com\/fr-ca\/wp-content\/uploads\/sites\/8\/2025\/04\/eBook-ED.webp 1048w, https:\/\/menshealthclinic.com\/fr-ca\/wp-content\/uploads\/sites\/8\/2025\/04\/eBook-ED-212x300.webp 212w, https:\/\/menshealthclinic.com\/fr-ca\/wp-content\/uploads\/sites\/8\/2025\/04\/eBook-ED-724x1024.webp 724w, https:\/\/menshealthclinic.com\/fr-ca\/wp-content\/uploads\/sites\/8\/2025\/04\/eBook-ED-768x1086.webp 768w\" sizes=\"(max-width: 1048px) 100vw, 1048px\" \/><\/figure><div class=\"elementor-image-box-content\"><h3 class=\"elementor-image-box-title\">Paquet d'informations sur la dysfonction \u00e9rectile (DE)<\/h3><p class=\"elementor-image-box-description\">Informez-vous davantage sur la dysfonction \u00e9rectile (DE) en tant que condition et sur les solutions de traitement disponibles.<\/p><\/div><\/div>\t\t\t\t<\/div>\n\t\t\t\t<\/div>\n\t\t\t\t<div class=\"elementor-element elementor-element-78843b5 elementor-align-center elementor-widget__width-inherit elementor-widget elementor-widget-button\" data-id=\"78843b5\" data-element_type=\"widget\" data-e-type=\"widget\" data-widget_type=\"button.default\">\n\t\t\t\t<div class=\"elementor-widget-container\">\n\t\t\t\t\t\t\t\t\t<div class=\"elementor-button-wrapper\">\n\t\t\t\t\t<a class=\"elementor-button elementor-button-link elementor-size-sm\" href=\"https:\/\/menshealthclinic.com\/wp-content\/uploads\/2025\/07\/ED_INFO_PACK_REs-1.pdf\" target=\"_blank\">\n\t\t\t\t\t\t<span class=\"elementor-button-content-wrapper\">\n\t\t\t\t\t\t\t\t\t<span class=\"elementor-button-text\">T\u00e9l\u00e9charger Le Livre \u00c9lectronique<\/span>\n\t\t\t\t\t<\/span>\n\t\t\t\t\t<\/a>\n\t\t\t\t<\/div>\n\t\t\t\t\t\t\t\t<\/div>\n\t\t\t\t<\/div>\n\t\t\t\t<\/div>\n\t\t<div class=\"elementor-element elementor-element-4e9a4e7 e-con-full pdf-section pdf-Premature-Ejaculation pdf-\u00c9jaculation-Pr\u00e9coce e-flex e-con e-child\" data-id=\"4e9a4e7\" data-element_type=\"container\" data-e-type=\"container\" data-settings=\"{&quot;background_background&quot;:&quot;classic&quot;}\" data-condition=\"\">\n\t\t\t\t<div class=\"elementor-element elementor-element-0332f86 elementor-position-top elementor-widget elementor-widget-image-box\" data-id=\"0332f86\" data-element_type=\"widget\" data-e-type=\"widget\" data-widget_type=\"image-box.default\">\n\t\t\t\t<div class=\"elementor-widget-container\">\n\t\t\t\t\t<div class=\"elementor-image-box-wrapper\"><figure class=\"elementor-image-box-img\"><img decoding=\"async\" width=\"1050\" height=\"1482\" src=\"https:\/\/menshealthclinic.com\/fr-ca\/wp-content\/uploads\/sites\/8\/2025\/04\/eBook-PE.webp\" class=\"attachment-full size-full wp-image-3069\" alt=\"\" srcset=\"https:\/\/menshealthclinic.com\/fr-ca\/wp-content\/uploads\/sites\/8\/2025\/04\/eBook-PE.webp 1050w, https:\/\/menshealthclinic.com\/fr-ca\/wp-content\/uploads\/sites\/8\/2025\/04\/eBook-PE-213x300.webp 213w, https:\/\/menshealthclinic.com\/fr-ca\/wp-content\/uploads\/sites\/8\/2025\/04\/eBook-PE-726x1024.webp 726w, https:\/\/menshealthclinic.com\/fr-ca\/wp-content\/uploads\/sites\/8\/2025\/04\/eBook-PE-768x1084.webp 768w\" sizes=\"(max-width: 1050px) 100vw, 1050px\" \/><\/figure><div class=\"elementor-image-box-content\"><h3 class=\"elementor-image-box-title\">Paquet d'informations sur l'\u00e9jaculation pr\u00e9coce (EP)<\/h3><p class=\"elementor-image-box-description\">D\u00e9couvrez comment prolonger la dur\u00e9e et les options de traitement personnalis\u00e9es disponibles pour l'\u00e9jaculation pr\u00e9coce (EP).<\/p><\/div><\/div>\t\t\t\t<\/div>\n\t\t\t\t<\/div>\n\t\t\t\t<div class=\"elementor-element elementor-element-37fd50f elementor-align-center elementor-widget__width-inherit elementor-widget elementor-widget-button\" data-id=\"37fd50f\" data-element_type=\"widget\" data-e-type=\"widget\" data-widget_type=\"button.default\">\n\t\t\t\t<div class=\"elementor-widget-container\">\n\t\t\t\t\t\t\t\t\t<div class=\"elementor-button-wrapper\">\n\t\t\t\t\t<a class=\"elementor-button elementor-button-link elementor-size-sm\" href=\"https:\/\/menshealthclinic.com\/wp-content\/uploads\/2025\/07\/PE_INFO_PACK_REs-1.pdf\" target=\"_blank\">\n\t\t\t\t\t\t<span class=\"elementor-button-content-wrapper\">\n\t\t\t\t\t\t\t\t\t<span class=\"elementor-button-text\">T\u00e9l\u00e9charger Le Livre \u00c9lectronique<\/span>\n\t\t\t\t\t<\/span>\n\t\t\t\t\t<\/a>\n\t\t\t\t<\/div>\n\t\t\t\t\t\t\t\t<\/div>\n\t\t\t\t<\/div>\n\t\t\t\t<\/div>\n\t\t\t\t<\/div>\n\t\t\t\t<div class=\"elementor-element elementor-element-ec6bb3b elementor-absolute no-overflow elementor-widget elementor-widget-image\" data-id=\"ec6bb3b\" data-element_type=\"widget\" data-e-type=\"widget\" data-settings=\"{&quot;_position&quot;:&quot;absolute&quot;}\" data-widget_type=\"image.default\">\n\t\t\t\t<div class=\"elementor-widget-container\">\n\t\t\t\t\t\t\t\t\t\t\t\t\t\t\t<img decoding=\"async\" width=\"500\" height=\"500\" src=\"https:\/\/menshealthclinic.com\/fr-ca\/wp-content\/uploads\/sites\/8\/2024\/10\/circleRed.svg\" class=\"attachment-large size-large wp-image-1245\" alt=\"\" \/>\t\t\t\t\t\t\t\t\t\t\t\t\t\t\t<\/div>\n\t\t\t\t<\/div>\n\t\t\t\t<div class=\"elementor-element elementor-element-b2f054d elementor-absolute no-overflow elementor-widget elementor-widget-image\" data-id=\"b2f054d\" data-element_type=\"widget\" data-e-type=\"widget\" data-settings=\"{&quot;_position&quot;:&quot;absolute&quot;}\" data-widget_type=\"image.default\">\n\t\t\t\t<div class=\"elementor-widget-container\">\n\t\t\t\t\t\t\t\t\t\t\t\t\t\t\t<img loading=\"lazy\" decoding=\"async\" width=\"370\" height=\"370\" src=\"https:\/\/menshealthclinic.com\/fr-ca\/wp-content\/uploads\/sites\/8\/2024\/10\/imageCurveBall.svg\" class=\"attachment-large size-large wp-image-1171\" alt=\"\" \/>\t\t\t\t\t\t\t\t\t\t\t\t\t\t\t<\/div>\n\t\t\t\t<\/div>\n\t\t\t\t\t<\/div>\n\t\t\t\t<\/div>\n\t\t<div class=\"elementor-element elementor-element-b411f29 e-flex e-con-boxed e-con e-parent\" data-id=\"b411f29\" data-element_type=\"container\" data-e-type=\"container\">\n\t\t\t\t\t<div class=\"e-con-inner\">\n\t\t\t\t<div class=\"elementor-element elementor-element-ad91d73 elementor-widget elementor-widget-heading\" data-id=\"ad91d73\" data-element_type=\"widget\" data-e-type=\"widget\" data-widget_type=\"heading.default\">\n\t\t\t\t<div class=\"elementor-widget-container\">\n\t\t\t\t\t<span class=\"elementor-heading-title elementor-size-default\">F\u00e9licitations pour avoir franchi la premi\u00e8re \u00e9tape vers l'acquisition de la confiance que vous m\u00e9ritez. Nous avons aid\u00e9 des milliers d'hommes dans le monde entier \u00e0 surmonter ce d\u00e9fi complexe avec des traitements m\u00e9dicaux abordables et personnalis\u00e9s.<\/span>\t\t\t\t<\/div>\n\t\t\t\t<\/div>\n\t\t\t\t<div class=\"elementor-element elementor-element-22f27e7 elementor-widget elementor-widget-heading\" data-id=\"22f27e7\" data-element_type=\"widget\" data-e-type=\"widget\" data-widget_type=\"heading.default\">\n\t\t\t\t<div class=\"elementor-widget-container\">\n\t\t\t\t\t<span class=\"elementor-heading-title elementor-size-default\">Rencontrer des d\u00e9fis li\u00e9s \u00e0 votre sant\u00e9 n'est rien dont il faut avoir honte. La plupart des hommes ne rechercheront jamais de traitement et souffriront en silence. Prenez le contr\u00f4le de votre sant\u00e9 et passez \u00e0 l'\u00e9tape suivante d\u00e8s maintenant.<\/span>\t\t\t\t<\/div>\n\t\t\t\t<\/div>\n\t\t\t\t\t<\/div>\n\t\t\t\t<\/div>\n\t\t<div class=\"elementor-element elementor-element-b048de8 curve-circle t-r e-flex e-con-boxed e-con e-parent\" data-id=\"b048de8\" data-element_type=\"container\" data-e-type=\"container\" data-settings=\"{&quot;background_background&quot;:&quot;classic&quot;}\">\n\t\t\t\t\t<div class=\"e-con-inner\">\n\t\t<div class=\"elementor-element elementor-element-130144f e-con-full e-flex e-con e-child\" data-id=\"130144f\" data-element_type=\"container\" data-e-type=\"container\" data-settings=\"{&quot;background_background&quot;:&quot;classic&quot;}\">\n\t\t\t\t<div class=\"elementor-element elementor-element-ad2d4c1 elementor-absolute no-overflow elementor-widget elementor-widget-image\" data-id=\"ad2d4c1\" data-element_type=\"widget\" data-e-type=\"widget\" data-settings=\"{&quot;_position&quot;:&quot;absolute&quot;}\" data-widget_type=\"image.default\">\n\t\t\t\t<div class=\"elementor-widget-container\">\n\t\t\t\t\t\t\t\t\t\t\t\t\t\t\t<img loading=\"lazy\" decoding=\"async\" width=\"370\" height=\"370\" src=\"https:\/\/menshealthclinic.com\/fr-ca\/wp-content\/uploads\/sites\/8\/2024\/10\/imageCurveBall.svg\" class=\"attachment-large size-large wp-image-1171\" alt=\"\" \/>\t\t\t\t\t\t\t\t\t\t\t\t\t\t\t<\/div>\n\t\t\t\t<\/div>\n\t\t\t\t<div class=\"elementor-element elementor-element-e3b632b elementor-widget elementor-widget-spacer\" data-id=\"e3b632b\" data-element_type=\"widget\" data-e-type=\"widget\" data-widget_type=\"spacer.default\">\n\t\t\t\t<div class=\"elementor-widget-container\">\n\t\t\t\t\t\t\t<div class=\"elementor-spacer\">\n\t\t\t<div class=\"elementor-spacer-inner\"><\/div>\n\t\t<\/div>\n\t\t\t\t\t\t<\/div>\n\t\t\t\t<\/div>\n\t\t\t\t<\/div>\n\t\t<div class=\"elementor-element elementor-element-8b44098 e-con-full e-flex e-con e-child\" data-id=\"8b44098\" data-element_type=\"container\" data-e-type=\"container\">\n\t\t\t\t<div class=\"elementor-element elementor-element-b3cf61b elementor-view-default elementor-position-block-start elementor-mobile-position-block-start elementor-widget elementor-widget-icon-box\" data-id=\"b3cf61b\" data-element_type=\"widget\" data-e-type=\"widget\" data-widget_type=\"icon-box.default\">\n\t\t\t\t<div class=\"elementor-widget-container\">\n\t\t\t\t\t\t\t<div class=\"elementor-icon-box-wrapper\">\n\n\t\t\t\t\t\t<div class=\"elementor-icon-box-icon\">\n\t\t\t\t<span  class=\"elementor-icon\">\n\t\t\t\t<svg xmlns:xlink=\"http:\/\/www.w3.org\/1999\/xlink\" xmlns=\"http:\/\/www.w3.org\/2000\/svg\" width=\"78\" height=\"78\" viewBox=\"0 0 529 529\" fill=\"none\"><path d=\"M264.375 0C118.363 0 0 118.363 0 264.375C0 410.387 118.363 528.75 264.375 528.75C410.387 528.75 528.75 410.387 528.75 264.375C528.75 118.363 410.387 0 264.375 0Z\" fill=\"#030654\"><\/path><path d=\"M376.301 440.039H375.863C316.395 438.136 246.531 380.285 198.352 332.093C150.164 283.898 92.3244 214.019 90.4455 154.789C89.8048 134.753 140.637 97.5894 141.152 97.23C152.485 89.3315 167.715 90.8276 173.914 99.4019C177.973 105.023 216.82 163.917 221.067 170.625C225.266 177.234 224.606 187.179 219.301 197.234C216.227 203.085 205.824 221.367 201.297 229.308C206.086 236.242 219.524 254.132 247.914 282.527C276.477 311.082 294.235 324.41 301.129 329.175C309.074 324.64 327.363 314.23 333.227 311.144C342.949 306.011 353.07 305.265 359.715 309.32C366.692 313.589 425.449 352.656 430.938 356.488C435.246 359.511 438.035 364.718 438.57 370.8C439.121 377.003 437.211 383.578 433.192 389.316C432.824 389.82 396.121 440.039 376.301 440.039Z\" fill=\"#F5F5F5\"><\/path><path d=\"M470.77 33.9883H288.988C275.414 33.9883 264.379 45.0195 264.379 58.5859V156.969C264.379 170.574 275.414 181.566 288.988 181.566H358.254V228.887L390.078 181.566H470.77V33.9883ZM470.77 181.566C484.34 181.566 495.379 170.574 495.379 156.969V58.5859C495.379 45.0195 484.34 33.9883 470.77 33.9883\" fill=\"#E84545\"><\/path><path d=\"M328.73 95.5781C336.648 95.5781 343.043 101.969 343.043 109.883C343.043 117.793 336.648 124.188 328.73 124.188C320.812 124.188 314.418 117.793 314.418 109.883C314.418 101.969 320.852 95.5781 328.73 95.5781ZM378.027 95.5781C385.945 95.5781 392.34 101.969 392.34 109.883C392.34 117.793 385.945 124.188 378.027 124.188C370.109 124.188 363.715 117.793 363.715 109.883C363.715 101.969 370.109 95.5781 378.027 95.5781ZM412.973 109.883C412.973 117.793 419.367 124.188 427.285 124.188C435.199 124.188 441.598 117.793 441.598 109.883C441.598 101.969 435.199 95.5781 427.285 95.5781C419.367 95.5781 412.973 102.008 412.973 109.883Z\" fill=\"#FFFFFF\"><\/path><path d=\"M332.98 90.9766C340.547 90.9766 346.707 97.1367 346.707 104.699C346.707 112.262 340.547 118.418 332.98 118.418C325.414 118.418 319.254 112.262 319.254 104.699C319.254 97.1367 325.375 90.9766 332.98 90.9766ZM332.98 119.629C341.211 119.629 347.879 112.961 347.879 104.738C347.879 96.5117 341.211 89.8477 332.98 89.8477C324.75 89.8477 318.082 96.5117 318.082 104.738C318.082 112.961 324.75 119.629 332.98 119.629ZM382.238 90.9766C389.805 90.9766 395.965 97.1367 395.965 104.699C395.965 112.262 389.805 118.418 382.238 118.418C374.672 118.418 368.512 112.262 368.512 104.699C368.512 97.1367 374.672 90.9766 382.238 90.9766ZM382.238 119.629C390.469 119.629 397.137 112.961 397.137 104.738C397.137 96.5117 390.469 89.8477 382.238 89.8477C374.008 89.8477 367.34 96.5117 367.34 104.738C367.34 112.961 374.008 119.629 382.238 119.629ZM431.535 90.9766C439.102 90.9766 445.262 97.1367 445.262 104.699C445.262 112.262 439.102 118.418 431.535 118.418C423.969 118.418 417.809 112.262 417.809 104.699C417.809 97.1367 423.969 90.9766 431.535 90.9766ZM431.535 119.629C439.766 119.629 446.434 112.961 446.434 104.738C446.434 96.5117 439.766 89.8477 431.535 89.8477C423.305 89.8477 416.637 96.5117 416.637 104.738C416.637 112.961 423.305 119.629 431.535 119.629Z\" fill=\"#030654\"><\/path><\/svg>\t\t\t\t<\/span>\n\t\t\t<\/div>\n\t\t\t\n\t\t\t\t\t\t<div class=\"elementor-icon-box-content\">\n\n\t\t\t\t\t\t\t\t\t<span class=\"elementor-icon-box-title\">\n\t\t\t\t\t\t<span  >\n\t\t\t\t\t\t\tAppelez maintenant\t\t\t\t\t\t<\/span>\n\t\t\t\t\t<\/span>\n\t\t\t\t\n\t\t\t\t\t\t\t\t\t<p class=\"elementor-icon-box-description\">\n\t\t\t\t\t\tHeures d'ouverture de la clinique : 9h00 \u00e0 20h00.<br>\nConsultation GRATUITE avec un Coordinateur Principal des Patients.<br>\n\u00c9valuation sans obligation\t\t\t\t\t<\/p>\n\t\t\t\t\n\t\t\t<\/div>\n\t\t\t\n\t\t<\/div>\n\t\t\t\t\t\t<\/div>\n\t\t\t\t<\/div>\n\t\t\t\t<div class=\"elementor-element elementor-element-da09f3c elementor-align-center elementor-widget__width-inherit elementor-widget elementor-widget-button\" data-id=\"da09f3c\" data-element_type=\"widget\" data-e-type=\"widget\" data-widget_type=\"button.default\">\n\t\t\t\t<div class=\"elementor-widget-container\">\n\t\t\t\t\t\t\t\t\t<div class=\"elementor-button-wrapper\">\n\t\t\t\t\t<a class=\"elementor-button elementor-button-link elementor-size-sm\" href=\"tel:+1%20(800)%20422%208149\">\n\t\t\t\t\t\t<span class=\"elementor-button-content-wrapper\">\n\t\t\t\t\t\t\t\t\t<span class=\"elementor-button-text\">Appelez Maintenant<\/span>\n\t\t\t\t\t<\/span>\n\t\t\t\t\t<\/a>\n\t\t\t\t<\/div>\n\t\t\t\t\t\t\t\t<\/div>\n\t\t\t\t<\/div>\n\t\t\t\t<\/div>\n\t\t\t\t<div class=\"elementor-element elementor-element-7549583 elementor-absolute no-overflow elementor-widget elementor-widget-image\" data-id=\"7549583\" data-element_type=\"widget\" data-e-type=\"widget\" data-settings=\"{&quot;_position&quot;:&quot;absolute&quot;}\" data-widget_type=\"image.default\">\n\t\t\t\t<div class=\"elementor-widget-container\">\n\t\t\t\t\t\t\t\t\t\t\t\t\t\t\t<img decoding=\"async\" width=\"500\" height=\"500\" src=\"https:\/\/menshealthclinic.com\/fr-ca\/wp-content\/uploads\/sites\/8\/2024\/10\/circleRed.svg\" class=\"attachment-large size-large wp-image-1245\" alt=\"\" \/>\t\t\t\t\t\t\t\t\t\t\t\t\t\t\t<\/div>\n\t\t\t\t<\/div>\n\t\t\t\t\t<\/div>\n\t\t\t\t<\/div>\n\t\t<div class=\"elementor-element elementor-element-d08e37b e-flex e-con-boxed e-con e-parent\" data-id=\"d08e37b\" data-element_type=\"container\" data-e-type=\"container\">\n\t\t\t\t\t<div class=\"e-con-inner\">\n\t\t\t\t<div class=\"elementor-element elementor-element-8042535 elementor-widget__width-inherit elementor-widget elementor-widget-heading\" data-id=\"8042535\" data-element_type=\"widget\" data-e-type=\"widget\" data-widget_type=\"heading.default\">\n\t\t\t\t<div class=\"elementor-widget-container\">\n\t\t\t\t\t<span class=\"elementor-heading-title elementor-size-default\">R\u00e9servez Maintenant<\/span>\t\t\t\t<\/div>\n\t\t\t\t<\/div>\n\t\t\t\t<div class=\"elementor-element elementor-element-f943835 elementor-widget__width-inherit elementor-widget elementor-widget-heading\" data-id=\"f943835\" data-element_type=\"widget\" data-e-type=\"widget\" data-widget_type=\"heading.default\">\n\t\t\t\t<div class=\"elementor-widget-container\">\n\t\t\t\t\t<h2 class=\"elementor-heading-title elementor-size-default\">R\u00e9servez votre \u00e9valuation GRATUITE<\/h2>\t\t\t\t<\/div>\n\t\t\t\t<\/div>\n\t\t\t\t<div class=\"elementor-element elementor-element-755dc41 elementor-widget elementor-widget-html\" data-id=\"755dc41\" data-element_type=\"widget\" data-e-type=\"widget\" data-widget_type=\"html.default\">\n\t\t\t\t<div class=\"elementor-widget-container\">\n\t\t\t\t\t<iframe src=\"https:\/\/app.acuityscheduling.com\/schedule\/b2bc76e9\/appointment\/74080496\/calendar\/11511497?calendarIds=11511497\" style=\"height:1100px;width:100%\" title=\"book\"><\/iframe>\t\t\t\t<\/div>\n\t\t\t\t<\/div>\n\t\t\t\t<div class=\"elementor-element elementor-element-f52388f elementor-widget elementor-widget-image\" data-id=\"f52388f\" data-element_type=\"widget\" data-e-type=\"widget\" data-widget_type=\"image.default\">\n\t\t\t\t<div class=\"elementor-widget-container\">\n\t\t\t\t\t\t\t\t\t\t\t\t\t\t\t<img loading=\"lazy\" decoding=\"async\" width=\"500\" height=\"430\" src=\"https:\/\/menshealthclinic.com\/fr-ca\/wp-content\/uploads\/sites\/8\/2024\/10\/logo-mhc.png\" class=\"attachment-large size-large wp-image-1264\" alt=\"\" srcset=\"https:\/\/menshealthclinic.com\/fr-ca\/wp-content\/uploads\/sites\/8\/2024\/10\/logo-mhc.png 500w, https:\/\/menshealthclinic.com\/fr-ca\/wp-content\/uploads\/sites\/8\/2024\/10\/logo-mhc-300x258.png 300w\" sizes=\"(max-width: 500px) 100vw, 500px\" \/>\t\t\t\t\t\t\t\t\t\t\t\t\t\t\t<\/div>\n\t\t\t\t<\/div>\n\t\t\t\t\t<\/div>\n\t\t\t\t<\/div>\n\t\t\t\t<\/div>\n\t\t","protected":false},"excerpt":{"rendered":"<p>MHC provides customised treatment solutions for premature ejaculation, erectile dysfunction and chronic pain. Talk to one of our licensed men&#8217;s health doctors today!<\/p>\n","protected":false},"author":3,"featured_media":0,"parent":0,"menu_order":0,"comment_status":"closed","ping_status":"closed","template":"","meta":{"_acf_changed":false,"footnotes":""},"page-tag":[],"class_list":["post-3013","page","type-page","status-publish","hentry"],"acf":[],"_links":{"self":[{"href":"https:\/\/menshealthclinic.com\/fr-ca\/wp-json\/wp\/v2\/pages\/3013","targetHints":{"allow":["GET"]}}],"collection":[{"href":"https:\/\/menshealthclinic.com\/fr-ca\/wp-json\/wp\/v2\/pages"}],"about":[{"href":"https:\/\/menshealthclinic.com\/fr-ca\/wp-json\/wp\/v2\/types\/page"}],"author":[{"embeddable":true,"href":"https:\/\/menshealthclinic.com\/fr-ca\/wp-json\/wp\/v2\/users\/3"}],"replies":[{"embeddable":true,"href":"https:\/\/menshealthclinic.com\/fr-ca\/wp-json\/wp\/v2\/comments?post=3013"}],"version-history":[{"count":34,"href":"https:\/\/menshealthclinic.com\/fr-ca\/wp-json\/wp\/v2\/pages\/3013\/revisions"}],"predecessor-version":[{"id":3324,"href":"https:\/\/menshealthclinic.com\/fr-ca\/wp-json\/wp\/v2\/pages\/3013\/revisions\/3324"}],"wp:attachment":[{"href":"https:\/\/menshealthclinic.com\/fr-ca\/wp-json\/wp\/v2\/media?parent=3013"}],"wp:term":[{"taxonomy":"page-tag","embeddable":true,"href":"https:\/\/menshealthclinic.com\/fr-ca\/wp-json\/wp\/v2\/page-tag?post=3013"}],"curies":[{"name":"wp","href":"https:\/\/api.w.org\/{rel}","templated":true}]}}