{"id":3259,"date":"2025-05-05T07:04:30","date_gmt":"2025-05-05T11:04:30","guid":{"rendered":"https:\/\/menshealthclinic.com\/fr-ca\/?page_id=3259"},"modified":"2025-05-05T07:46:54","modified_gmt":"2025-05-05T11:46:54","slug":"drsurennaidoo","status":"publish","type":"page","link":"https:\/\/menshealthclinic.com\/fr-ca\/drsurennaidoo\/","title":{"rendered":"Rencontrez le Dr Suren Naidoo"},"content":{"rendered":"\t\t<div data-elementor-type=\"wp-page\" data-elementor-id=\"3259\" class=\"elementor elementor-3259\" data-elementor-post-type=\"page\">\n\t\t\t\t<div class=\"elementor-element elementor-element-722ab3b curve-circle t-r  page-wrapper e-flex e-con-boxed e-con e-parent\" data-id=\"722ab3b\" data-element_type=\"container\" data-e-type=\"container\" data-settings=\"{&quot;background_background&quot;:&quot;gradient&quot;}\">\n\t\t\t\t\t<div class=\"e-con-inner\">\n\t\t\t\t<div class=\"elementor-element elementor-element-28e29f1 elementor-widget elementor-widget-video\" data-id=\"28e29f1\" data-element_type=\"widget\" data-e-type=\"widget\" data-settings=\"{&quot;video_type&quot;:&quot;hosted&quot;,&quot;controls&quot;:&quot;yes&quot;}\" data-widget_type=\"video.default\">\n\t\t\t\t<div class=\"elementor-widget-container\">\n\t\t\t\t\t\t\t<div class=\"e-hosted-video elementor-wrapper elementor-open-inline\">\n\t\t\t\t\t<video class=\"elementor-video\" src=\"https:\/\/menshealthclinic.com\/fr-ca\/wp-content\/uploads\/sites\/8\/2025\/05\/Dr.-Suren-Naidoo.mp4\" controls=\"\" preload=\"metadata\" controlsList=\"nodownload\"><\/video>\n\t\t\t\t<\/div>\n\t\t\t\t\t\t<\/div>\n\t\t\t\t<\/div>\n\t\t\t\t\t<\/div>\n\t\t\t\t<\/div>\n\t\t<div class=\"elementor-element elementor-element-c5a8e83 e-flex e-con-boxed e-con e-child\" data-id=\"c5a8e83\" data-element_type=\"container\" data-e-type=\"container\">\n\t\t\t\t\t<div class=\"e-con-inner\">\n\t\t\t\t<div class=\"elementor-element elementor-element-9eb5ff7 elementor-widget elementor-widget-heading\" data-id=\"9eb5ff7\" data-element_type=\"widget\" data-e-type=\"widget\" data-widget_type=\"heading.default\">\n\t\t\t\t<div class=\"elementor-widget-container\">\n\t\t\t\t\t<span class=\"elementor-heading-title elementor-size-default\">Rencontrez le Dr SUREN NAIDOO<\/span>\t\t\t\t<\/div>\n\t\t\t\t<\/div>\n\t\t\t\t<div class=\"elementor-element elementor-element-4a591e2 elementor-widget elementor-widget-heading\" data-id=\"4a591e2\" data-element_type=\"widget\" data-e-type=\"widget\" data-widget_type=\"heading.default\">\n\t\t\t\t<div class=\"elementor-widget-container\">\n\t\t\t\t\t<h2 class=\"elementor-heading-title elementor-size-default\">La dysfonction \u00e9rectile (DE) et l'\u00e9jaculation pr\u00e9coce (EP) peuvent affecter votre confiance, mettre \u00e0 l'\u00e9preuve vos relations et \u00f4ter la joie de l'intimit\u00e9.<\/h2>\t\t\t\t<\/div>\n\t\t\t\t<\/div>\n\t\t\t\t<div class=\"elementor-element elementor-element-25bb0de elementor-widget elementor-widget-text-editor\" data-id=\"25bb0de\" data-element_type=\"widget\" data-e-type=\"widget\" data-widget_type=\"text-editor.default\">\n\t\t\t\t<div class=\"elementor-widget-container\">\n\t\t\t\t\t\t\t\t\t<p>La dysfonction \u00e9rectile (DE) et l&#8217;\u00e9jaculation pr\u00e9coce (EP) peuvent affecter votre confiance, mettre \u00e0 l&#8217;\u00e9preuve vos relations et \u00f4ter la joie de l&#8217;intimit\u00e9.<\/p><p>Lib\u00e9rez-vous du poids de ces d\u00e9fis li\u00e9s \u00e0 la sant\u00e9 sexuelle et reprenez le contr\u00f4le de votre vie. Nos traitements hautement personnalis\u00e9s sont soigneusement formul\u00e9s pour vous aider \u00e0 atteindre des performances optimales sans effets ind\u00e9sirables. Travaillons ensemble pour retrouver votre confiance dans la chambre \u00e0 coucher.<\/p>\t\t\t\t\t\t\t\t<\/div>\n\t\t\t\t<\/div>\n\t\t\t\t<div class=\"elementor-element elementor-element-8238d60 elementor-align-center elementor-widget__width-inherit elementor-widget elementor-widget-button\" data-id=\"8238d60\" data-element_type=\"widget\" data-e-type=\"widget\" data-widget_type=\"button.default\">\n\t\t\t\t<div class=\"elementor-widget-container\">\n\t\t\t\t\t\t\t\t\t<div class=\"elementor-button-wrapper\">\n\t\t\t\t\t<a class=\"elementor-button elementor-button-link elementor-size-sm\" href=\"https:\/\/menshealthclinic.as.me\/email?utm_source=website&#038;utm_medium=book_now\" target=\"_blank\" rel=\"noopener\">\n\t\t\t\t\t\t<span class=\"elementor-button-content-wrapper\">\n\t\t\t\t\t\t\t\t\t<span class=\"elementor-button-text\">Planifiez Un Rendez-Vous<\/span>\n\t\t\t\t\t<\/span>\n\t\t\t\t\t<\/a>\n\t\t\t\t<\/div>\n\t\t\t\t\t\t\t\t<\/div>\n\t\t\t\t<\/div>\n\t\t\t\t\t<\/div>\n\t\t\t\t<\/div>\n\t\t\t\t<\/div>\n\t\t","protected":false},"excerpt":{"rendered":"<p>MHC provides customised treatment solutions for premature ejaculation, erectile dysfunction and chronic pain. Talk to one of our licensed men&#8217;s health doctors today!<\/p>\n","protected":false},"author":1,"featured_media":0,"parent":0,"menu_order":0,"comment_status":"closed","ping_status":"closed","template":"","meta":{"_acf_changed":false,"footnotes":""},"page-tag":[],"class_list":["post-3259","page","type-page","status-publish","hentry"],"acf":[],"_links":{"self":[{"href":"https:\/\/menshealthclinic.com\/fr-ca\/wp-json\/wp\/v2\/pages\/3259","targetHints":{"allow":["GET"]}}],"collection":[{"href":"https:\/\/menshealthclinic.com\/fr-ca\/wp-json\/wp\/v2\/pages"}],"about":[{"href":"https:\/\/menshealthclinic.com\/fr-ca\/wp-json\/wp\/v2\/types\/page"}],"author":[{"embeddable":true,"href":"https:\/\/menshealthclinic.com\/fr-ca\/wp-json\/wp\/v2\/users\/1"}],"replies":[{"embeddable":true,"href":"https:\/\/menshealthclinic.com\/fr-ca\/wp-json\/wp\/v2\/comments?post=3259"}],"version-history":[{"count":13,"href":"https:\/\/menshealthclinic.com\/fr-ca\/wp-json\/wp\/v2\/pages\/3259\/revisions"}],"predecessor-version":[{"id":3275,"href":"https:\/\/menshealthclinic.com\/fr-ca\/wp-json\/wp\/v2\/pages\/3259\/revisions\/3275"}],"wp:attachment":[{"href":"https:\/\/menshealthclinic.com\/fr-ca\/wp-json\/wp\/v2\/media?parent=3259"}],"wp:term":[{"taxonomy":"page-tag","embeddable":true,"href":"https:\/\/menshealthclinic.com\/fr-ca\/wp-json\/wp\/v2\/page-tag?post=3259"}],"curies":[{"name":"wp","href":"https:\/\/api.w.org\/{rel}","templated":true}]}}